{"id":1075,"date":"2024-08-07T14:35:45","date_gmt":"2024-08-07T12:35:45","guid":{"rendered":"https:\/\/www.chronoflex.be\/?page_id=1075"},"modified":"2024-08-07T14:45:02","modified_gmt":"2024-08-07T12:45:02","slug":"onze-hydraulische-filtratiesnelheden","status":"publish","type":"page","link":"https:\/\/www.chronoflex.be\/nl\/onze-hydraulische-filtratiesnelheden\/","title":{"rendered":"Onze hydraulische filtratiesnelheden"},"content":{"rendered":"<p>[et_pb_section fb_built=&#8221;1&#8243; _builder_version=&#8221;4.24.2&#8243; _module_preset=&#8221;default&#8221; background_image=&#8221;https:\/\/www.chronoflex.be\/wp-content\/uploads\/2022\/07\/Zaokraglone-niebieskie-tlo.svg&#8221; background_size=&#8221;contain&#8221; background_position=&#8221;top_right&#8221; global_colors_info=&#8221;{}&#8221;][et_pb_row column_structure=&#8221;1_2,1_2&#8243; _builder_version=&#8221;4.17.4&#8243; _module_preset=&#8221;default&#8221; max_width=&#8221;none&#8221; custom_padding=&#8221;||||false|false&#8221; global_colors_info=&#8221;{}&#8221;][et_pb_column type=&#8221;1_2&#8243; _builder_version=&#8221;4.17.4&#8243; _module_preset=&#8221;default&#8221; custom_padding=&#8221;5%||||false|false&#8221; global_colors_info=&#8221;{}&#8221;][et_pb_text _builder_version=&#8221;4.24.2&#8243; _module_preset=&#8221;default&#8221; text_font_size=&#8221;18px&#8221; header_font=&#8221;|||on|||||&#8221; global_colors_info=&#8221;{}&#8221;]<\/p>\n<h1><span>Ontdek onze <\/span>hydraulische<br \/>filtratieoplossingen<\/h1>\n<p>Zorg voor uw machine, ze zal het u dankbaar zijn!<\/p>\n<p>&nbsp;<\/p>\n<p>[\/et_pb_text][\/et_pb_column][et_pb_column type=&#8221;1_2&#8243; _builder_version=&#8221;4.17.4&#8243; _module_preset=&#8221;default&#8221; global_colors_info=&#8221;{}&#8221;][et_pb_image src=&#8221;https:\/\/www.chronoflex.be\/wp-content\/uploads\/2024\/07\/Groupe-de-filtration-hydraulique.webp&#8221; alt=&#8221;Filtration hydraulique&#8221; title_text=&#8221;Groupe-de-filtration-hydraulique&#8221; _builder_version=&#8221;4.24.2&#8243; _module_preset=&#8221;default&#8221; width=&#8221;55%&#8221; module_alignment=&#8221;right&#8221; custom_margin=&#8221;||||false|false&#8221; custom_padding=&#8221;|80px|||false|false&#8221; global_colors_info=&#8221;{}&#8221;][\/et_pb_image][\/et_pb_column][\/et_pb_row][\/et_pb_section][et_pb_section fb_built=&#8221;1&#8243; _builder_version=&#8221;4.24.2&#8243; _module_preset=&#8221;default&#8221; global_colors_info=&#8221;{}&#8221;][et_pb_row _builder_version=&#8221;4.24.2&#8243; _module_preset=&#8221;default&#8221; global_colors_info=&#8221;{}&#8221;][et_pb_column type=&#8221;4_4&#8243; _builder_version=&#8221;4.24.2&#8243; _module_preset=&#8221;default&#8221; global_colors_info=&#8221;{}&#8221;][et_pb_text _builder_version=&#8221;4.24.2&#8243; _module_preset=&#8221;default&#8221; global_colors_info=&#8221;{}&#8221;]<\/p>\n<section class=\"elementor-section elementor-top-section elementor-element elementor-element-fc788cc elementor-section-boxed elementor-section-height-default elementor-section-height-default\" data-id=\"fc788cc\" data-element_type=\"section\">\n<div class=\"elementor-container elementor-column-gap-default\">\n<div class=\"elementor-column elementor-col-100 elementor-top-column elementor-element elementor-element-f411be1\" data-id=\"f411be1\" data-element_type=\"column\">\n<div class=\"elementor-widget-wrap elementor-element-populated\">\n<div class=\"elementor-element elementor-element-41050a5 elementor-widget elementor-widget-heading\" data-id=\"41050a5\" data-element_type=\"widget\" data-widget_type=\"heading.default\">\n<div class=\"elementor-widget-container\">\n<h2 class=\"elementor-heading-title elementor-size-default\" style=\"text-align: center;\">Ontdek onze diagnose- en filtratieaanbiedingen<\/h2>\n<\/div>\n<\/div>\n<\/div>\n<\/div>\n<\/div>\n<\/section>\n<section class=\"elementor-section elementor-top-section elementor-element elementor-element-2fef2206 elementor-section-boxed elementor-section-height-default elementor-section-height-default\" data-id=\"2fef2206\" data-element_type=\"section\">\n<div class=\"elementor-container elementor-column-gap-default\">\n<div class=\"elementor-column elementor-col-50 elementor-top-column elementor-element elementor-element-3372ef4f\" data-id=\"3372ef4f\" data-element_type=\"column\">\n<div class=\"elementor-widget-wrap elementor-element-populated\">\n<section class=\"elementor-section elementor-inner-section elementor-element elementor-element-7963a0de elementor-section-boxed elementor-section-height-default elementor-section-height-default\" data-id=\"7963a0de\" data-element_type=\"section\">\n<div class=\"elementor-container elementor-column-gap-default\">\n<div class=\"elementor-column elementor-col-100 elementor-inner-column elementor-element elementor-element-3a407308\" data-id=\"3a407308\" data-element_type=\"column\">\n<div class=\"elementor-widget-wrap elementor-element-populated\">\n<div class=\"elementor-element elementor-element-2a500034 elementor-widget elementor-widget-heading\" data-id=\"2a500034\" data-element_type=\"widget\" data-widget_type=\"heading.default\"><\/div>\n<\/div>\n<\/div>\n<\/div>\n<\/section>\n<\/div>\n<\/div>\n<\/div>\n<\/section>\n<p>[\/et_pb_text][\/et_pb_column][\/et_pb_row][et_pb_row column_structure=&#8221;1_2,1_2&#8243; _builder_version=&#8221;4.24.2&#8243; _module_preset=&#8221;default&#8221; global_colors_info=&#8221;{}&#8221;][et_pb_column type=&#8221;1_2&#8243; _builder_version=&#8221;4.24.2&#8243; _module_preset=&#8221;default&#8221; global_colors_info=&#8221;{}&#8221;][et_pb_text _builder_version=&#8221;4.24.2&#8243; _module_preset=&#8221;default&#8221; text_font=&#8221;Steamtown||||||||&#8221; text_text_color=&#8221;gcid-12763258-ad58-4fd3-8ead-e17d4f9ddadb&#8221; text_font_size=&#8221;1.6rem&#8221; global_colors_info=&#8221;{%22gcid-12763258-ad58-4fd3-8ead-e17d4f9ddadb%22:%91%22text_text_color%22%93}&#8221;]<\/p>\n<div class=\"elementor-element elementor-element-2a500034 elementor-widget elementor-widget-heading\" data-id=\"2a500034\" data-element_type=\"widget\" data-widget_type=\"heading.default\">\n<div class=\"elementor-widget-container\" style=\"text-align: center;\"><span class=\"elementor-heading-title elementor-size-default\">EXPRESS DIAGNOSE\u00a0<\/span><\/div>\n<\/div>\n<div class=\"elementor-element elementor-element-54b58a45 elementor-widget elementor-widget-heading\" data-id=\"54b58a45\" data-element_type=\"widget\" data-widget_type=\"heading.default\" style=\"text-align: center;\"><\/div>\n<p>[\/et_pb_text][et_pb_text _builder_version=&#8221;4.24.2&#8243; _module_preset=&#8221;default&#8221; text_font=&#8221;Steamtown||||||||&#8221; text_text_color=&#8221;gcid-b86aa60b-4d0e-4760-b372-37ed7c92b9a3&#8243; global_colors_info=&#8221;{%22gcid-b86aa60b-4d0e-4760-b372-37ed7c92b9a3%22:%91%22text_text_color%22%93}&#8221;]<\/p>\n<p style=\"text-align: center;\"><span style=\"font-size: small;\"> vanaf<br \/><span style=\"font-size: xx-large;\">89\u20ac excl. BTW<\/span><\/span><\/p>\n<p>[\/et_pb_text][et_pb_text _builder_version=&#8221;4.24.2&#8243; _module_preset=&#8221;default&#8221; text_text_color=&#8221;#FFFFFF&#8221; background_color=&#8221;gcid-b60aabaf-6986-413d-8b96-53cd2587a69b&#8221; custom_padding=&#8221;15px|15px|15px|15px|true|true&#8221; global_colors_info=&#8221;{%22gcid-b60aabaf-6986-413d-8b96-53cd2587a69b%22:%91%22background_color%22%93}&#8221;]<\/p>\n<p>Een analyse uitgevoerd door \u00e9\u00e9n van onze techniekers om binnen de 10 minuten een evaluatie van de kwaliteit van uw olie te maken.<\/p>\n<p><span style=\"text-decoration: underline;\">Onze aanbod behelst :<\/span><\/p>\n<ul>\n<li>Veiligheidsanalyse<\/li>\n<li>De diagnose van de vervuiling van uw olie op vaste en waterige deeltjes alsook de hoeveelheid water aanwezig bepaald op basis van de ISO-norm.<\/li>\n<li>Het rapport van de analyse<\/li>\n<li>Werktijd technieker<\/li>\n<\/ul>\n<p>[\/et_pb_text][\/et_pb_column][et_pb_column type=&#8221;1_2&#8243; _builder_version=&#8221;4.24.2&#8243; _module_preset=&#8221;default&#8221; global_colors_info=&#8221;{}&#8221;][et_pb_text _builder_version=&#8221;4.24.2&#8243; _module_preset=&#8221;default&#8221; text_font=&#8221;Steamtown|||on|||||&#8221; text_text_color=&#8221;gcid-12763258-ad58-4fd3-8ead-e17d4f9ddadb&#8221; text_font_size=&#8221;1.6rem&#8221; global_colors_info=&#8221;{%22gcid-12763258-ad58-4fd3-8ead-e17d4f9ddadb%22:%91%22text_text_color%22%93}&#8221;]<\/p>\n<div class=\"elementor-element elementor-element-2a500034 elementor-widget elementor-widget-heading\" data-id=\"2a500034\" data-element_type=\"widget\" data-widget_type=\"heading.default\">\n<div class=\"elementor-widget-container\" style=\"text-align: center;\">Filtratie tank<\/div>\n<\/div>\n<p>[\/et_pb_text][et_pb_text _builder_version=&#8221;4.24.2&#8243; _module_preset=&#8221;default&#8221; text_font=&#8221;Steamtown||||||||&#8221; text_text_color=&#8221;gcid-b86aa60b-4d0e-4760-b372-37ed7c92b9a3&#8243; global_colors_info=&#8221;{%22gcid-b86aa60b-4d0e-4760-b372-37ed7c92b9a3%22:%91%22text_text_color%22%93}&#8221;]<\/p>\n<p style=\"text-align: center;\"><span style=\"font-size: small;\"> vanaf<br \/><span style=\"font-size: xx-large;\">380\u20ac excl. BTW<\/span><\/span><\/p>\n<p>[\/et_pb_text][et_pb_text _builder_version=&#8221;4.24.2&#8243; _module_preset=&#8221;default&#8221; text_text_color=&#8221;#FFFFFF&#8221; background_color=&#8221;gcid-bb3ff4a9-6dc4-4663-baf4-c41d3faa421d&#8221; custom_padding=&#8221;15px|15px|15px|15px|true|true&#8221; hover_enabled=&#8221;0&#8243; global_colors_info=&#8221;{%22gcid-bb3ff4a9-6dc4-4663-baf4-c41d3faa421d%22:%91%22background_color%22%93}&#8221; sticky_enabled=&#8221;0&#8243;]<\/p>\n<p>Het herstellen van uw olie in uw olietank door te filteren (34L\/minuut) en door het aantal deeltjes alsook het aandeel water te meten in realtime.<\/p>\n<p><span style=\"text-decoration: underline;\">Ons aanbod behelst (op basis van een tank tot 100L) :<\/span><\/p>\n<ul>\n<li>Veiligheidsanalyse<\/li>\n<li>Filtratie van de olie van het oliereservoir<\/li>\n<li>Het interventierapport inclusief de foto\u2019s met het niveau van de zuiverheid van uw olie.<\/li>\n<li>Werktijd technieker (1u)<\/li>\n<\/ul>\n<p>[\/et_pb_text][\/et_pb_column][\/et_pb_row][et_pb_row column_structure=&#8221;1_2,1_2&#8243; _builder_version=&#8221;4.24.2&#8243; _module_preset=&#8221;default&#8221; hover_enabled=&#8221;0&#8243; global_colors_info=&#8221;{}&#8221; sticky_enabled=&#8221;0&#8243;][et_pb_column type=&#8221;1_2&#8243; _builder_version=&#8221;4.24.2&#8243; _module_preset=&#8221;default&#8221; global_colors_info=&#8221;{}&#8221;][et_pb_text _builder_version=&#8221;4.24.2&#8243; _module_preset=&#8221;default&#8221; text_font=&#8221;Steamtown|||on|||||&#8221; text_text_color=&#8221;gcid-12763258-ad58-4fd3-8ead-e17d4f9ddadb&#8221; text_font_size=&#8221;1.6rem&#8221; global_colors_info=&#8221;{%22gcid-12763258-ad58-4fd3-8ead-e17d4f9ddadb%22:%91%22text_text_color%22%93}&#8221;]<\/p>\n<div class=\"elementor-element elementor-element-2a500034 elementor-widget elementor-widget-heading\" data-id=\"2a500034\" data-element_type=\"widget\" data-widget_type=\"heading.default\">\n<div class=\"elementor-widget-container\" style=\"text-align: center;\">Filtratie machine<\/div>\n<\/div>\n<div class=\"elementor-element elementor-element-54b58a45 elementor-widget elementor-widget-heading\" data-id=\"54b58a45\" data-element_type=\"widget\" data-widget_type=\"heading.default\" style=\"text-align: center;\"><\/div>\n<p>[\/et_pb_text][et_pb_text _builder_version=&#8221;4.24.2&#8243; _module_preset=&#8221;default&#8221; text_font=&#8221;Steamtown||||||||&#8221; text_text_color=&#8221;gcid-b86aa60b-4d0e-4760-b372-37ed7c92b9a3&#8243; global_colors_info=&#8221;{%22gcid-b86aa60b-4d0e-4760-b372-37ed7c92b9a3%22:%91%22text_text_color%22%93}&#8221;]<\/p>\n<p style=\"text-align: center;\"><span style=\"font-size: small;\">vanaf<br \/><span style=\"font-size: xx-large;\">450\u20ac excl. BTW<\/span><\/span><\/p>\n<p>[\/et_pb_text][et_pb_text _builder_version=&#8221;4.24.2&#8243; _module_preset=&#8221;default&#8221; text_text_color=&#8221;#FFFFFF&#8221; background_color=&#8221;gcid-b60aabaf-6986-413d-8b96-53cd2587a69b&#8221; custom_padding=&#8221;15px|15px|15px|15px|true|true&#8221; hover_enabled=&#8221;0&#8243; global_colors_info=&#8221;{%22gcid-b60aabaf-6986-413d-8b96-53cd2587a69b%22:%91%22background_color%22%93}&#8221; sticky_enabled=&#8221;0&#8243;]<\/p>\n<p>Het VOLLEDIG herstellen van uw olie dankzij het spoelen en filteren van uw olie in het volledige hydraulische circuit van de machine.<\/p>\n<p><strong>Ons aanbod behelst dezelfde prestaties als de filtratie van een olietank en zal toegepast worden op het volledig hydraulisch circuit van uw machine.<\/strong><\/p>\n<p><strong>Gepersonaliseerde offerte uitsluitend op aanvraag.<\/strong><\/p>\n<p>[\/et_pb_text][\/et_pb_column][et_pb_column type=&#8221;1_2&#8243; _builder_version=&#8221;4.24.2&#8243; _module_preset=&#8221;default&#8221; global_colors_info=&#8221;{}&#8221;][\/et_pb_column][\/et_pb_row][et_pb_row _builder_version=&#8221;4.24.2&#8243; _module_preset=&#8221;default&#8221; custom_margin=&#8221;80px||80px||false|false&#8221; global_colors_info=&#8221;{}&#8221;][et_pb_column type=&#8221;4_4&#8243; _builder_version=&#8221;4.24.2&#8243; _module_preset=&#8221;default&#8221; global_colors_info=&#8221;{}&#8221;][et_pb_text _builder_version=&#8221;4.24.2&#8243; _module_preset=&#8221;default&#8221; text_font=&#8221;Titillium Web|700|||||||&#8221; text_text_color=&#8221;gcid-bb3ff4a9-6dc4-4663-baf4-c41d3faa421d&#8221; text_font_size=&#8221;1.6rem&#8221; global_colors_info=&#8221;{%22gcid-bb3ff4a9-6dc4-4663-baf4-c41d3faa421d%22:%91%22text_text_color%22%93}&#8221;]<\/p>\n<p style=\"text-align: center;\">Neem met ons contact op het nummer<\/p>\n<p>[\/et_pb_text][et_pb_image src=&#8221;https:\/\/www.chronoflex.be\/wp-content\/uploads\/2023\/11\/numero-telephone-belgique-luxembourg.svg&#8221; alt=&#8221;Num\u00e9ro de t\u00e9l\u00e9phone CHRONO Flex Belgique&#8221; title_text=&#8221;numero-telephone-belgique-luxembourg&#8221; url=&#8221;tel:080039669&#8243; align=&#8221;center&#8221; _builder_version=&#8221;4.24.2&#8243; _module_preset=&#8221;default&#8221; width=&#8221;250px&#8221; global_colors_info=&#8221;{}&#8221;][\/et_pb_image][\/et_pb_column][\/et_pb_row][\/et_pb_section]<\/p>\n","protected":false},"excerpt":{"rendered":"<p>Ontdek onze hydraulischefiltratieoplossingen Zorg voor uw machine, ze zal het u dankbaar zijn! &nbsp; Ontdek onze diagnose- en filtratieaanbiedingen EXPRESS DIAGNOSE\u00a0 vanaf89\u20ac excl. BTWEen analyse uitgevoerd door \u00e9\u00e9n van onze techniekers om binnen de 10 minuten een evaluatie van de kwaliteit van uw olie te maken. Onze aanbod behelst : Veiligheidsanalyse De diagnose van de [&hellip;]<\/p>\n","protected":false},"author":1,"featured_media":0,"parent":0,"menu_order":0,"comment_status":"closed","ping_status":"closed","template":"","meta":{"_et_pb_use_builder":"on","_et_pb_old_content":"","_et_gb_content_width":"","footnotes":""},"class_list":["post-1075","page","type-page","status-publish","hentry"],"yoast_head":"<!-- This site is optimized with the Yoast SEO plugin v27.3 - https:\/\/yoast.com\/product\/yoast-seo-wordpress\/ -->\n<title>Onze hydraulische filtratiesnelheden - CHRONO Flex Belgique<\/title>\n<meta name=\"robots\" content=\"index, follow, max-snippet:-1, max-image-preview:large, max-video-preview:-1\" \/>\n<link rel=\"canonical\" href=\"https:\/\/www.chronoflex.be\/nl\/onze-hydraulische-filtratiesnelheden\/\" \/>\n<meta property=\"og:locale\" content=\"nl_NL\" \/>\n<meta property=\"og:type\" content=\"article\" \/>\n<meta property=\"og:title\" content=\"Onze hydraulische filtratiesnelheden - CHRONO Flex Belgique\" \/>\n<meta property=\"og:description\" content=\"Ontdek onze hydraulischefiltratieoplossingen Zorg voor uw machine, ze zal het u dankbaar zijn! &nbsp; Ontdek onze diagnose- en filtratieaanbiedingen EXPRESS DIAGNOSE\u00a0 vanaf89\u20ac excl. BTWEen analyse uitgevoerd door \u00e9\u00e9n van onze techniekers om binnen de 10 minuten een evaluatie van de kwaliteit van uw olie te maken. Onze aanbod behelst : Veiligheidsanalyse De diagnose van de [&hellip;]\" \/>\n<meta property=\"og:url\" content=\"https:\/\/www.chronoflex.be\/nl\/onze-hydraulische-filtratiesnelheden\/\" \/>\n<meta property=\"og:site_name\" content=\"CHRONO Flex Belgique\" \/>\n<meta property=\"article:modified_time\" content=\"2024-08-07T12:45:02+00:00\" \/>\n<meta name=\"twitter:card\" content=\"summary_large_image\" \/>\n<meta name=\"twitter:label1\" content=\"Geschatte leestijd\" \/>\n\t<meta name=\"twitter:data1\" content=\"3 minuten\" \/>\n<script type=\"application\/ld+json\" class=\"yoast-schema-graph\">{\"@context\":\"https:\\\/\\\/schema.org\",\"@graph\":[{\"@type\":\"WebPage\",\"@id\":\"https:\\\/\\\/www.chronoflex.be\\\/nl\\\/onze-hydraulische-filtratiesnelheden\\\/\",\"url\":\"https:\\\/\\\/www.chronoflex.be\\\/nl\\\/onze-hydraulische-filtratiesnelheden\\\/\",\"name\":\"Onze hydraulische filtratiesnelheden - CHRONO Flex Belgique\",\"isPartOf\":{\"@id\":\"https:\\\/\\\/www.chronoflex.be\\\/nl\\\/#website\"},\"datePublished\":\"2024-08-07T12:35:45+00:00\",\"dateModified\":\"2024-08-07T12:45:02+00:00\",\"breadcrumb\":{\"@id\":\"https:\\\/\\\/www.chronoflex.be\\\/nl\\\/onze-hydraulische-filtratiesnelheden\\\/#breadcrumb\"},\"inLanguage\":\"nl-NL\",\"potentialAction\":[{\"@type\":\"ReadAction\",\"target\":[\"https:\\\/\\\/www.chronoflex.be\\\/nl\\\/onze-hydraulische-filtratiesnelheden\\\/\"]}]},{\"@type\":\"BreadcrumbList\",\"@id\":\"https:\\\/\\\/www.chronoflex.be\\\/nl\\\/onze-hydraulische-filtratiesnelheden\\\/#breadcrumb\",\"itemListElement\":[{\"@type\":\"ListItem\",\"position\":1,\"name\":\"Home\",\"item\":\"https:\\\/\\\/www.chronoflex.be\\\/nl\\\/\"},{\"@type\":\"ListItem\",\"position\":2,\"name\":\"Onze hydraulische filtratiesnelheden\"}]},{\"@type\":\"WebSite\",\"@id\":\"https:\\\/\\\/www.chronoflex.be\\\/nl\\\/#website\",\"url\":\"https:\\\/\\\/www.chronoflex.be\\\/nl\\\/\",\"name\":\"CHRONO Flex Belgique\",\"description\":\"R\u00e9paration de flexibles hydrauliques 24h\\\/7j\",\"publisher\":{\"@id\":\"https:\\\/\\\/www.chronoflex.be\\\/nl\\\/#organization\"},\"potentialAction\":[{\"@type\":\"SearchAction\",\"target\":{\"@type\":\"EntryPoint\",\"urlTemplate\":\"https:\\\/\\\/www.chronoflex.be\\\/nl\\\/?s={search_term_string}\"},\"query-input\":{\"@type\":\"PropertyValueSpecification\",\"valueRequired\":true,\"valueName\":\"search_term_string\"}}],\"inLanguage\":\"nl-NL\"},{\"@type\":\"Organization\",\"@id\":\"https:\\\/\\\/www.chronoflex.be\\\/nl\\\/#organization\",\"name\":\"CHRONO Flex Belgique\",\"url\":\"https:\\\/\\\/www.chronoflex.be\\\/nl\\\/\",\"logo\":{\"@type\":\"ImageObject\",\"inLanguage\":\"nl-NL\",\"@id\":\"https:\\\/\\\/www.chronoflex.be\\\/nl\\\/#\\\/schema\\\/logo\\\/image\\\/\",\"url\":\"https:\\\/\\\/www.chronoflex.be\\\/wp-content\\\/uploads\\\/2022\\\/07\\\/logo_cf_vectoriel_RVB.svg\",\"contentUrl\":\"https:\\\/\\\/www.chronoflex.be\\\/wp-content\\\/uploads\\\/2022\\\/07\\\/logo_cf_vectoriel_RVB.svg\",\"width\":789,\"height\":462,\"caption\":\"CHRONO Flex Belgique\"},\"image\":{\"@id\":\"https:\\\/\\\/www.chronoflex.be\\\/nl\\\/#\\\/schema\\\/logo\\\/image\\\/\"}}]}<\/script>\n<!-- \/ Yoast SEO plugin. -->","yoast_head_json":{"title":"Onze hydraulische filtratiesnelheden - CHRONO Flex Belgique","robots":{"index":"index","follow":"follow","max-snippet":"max-snippet:-1","max-image-preview":"max-image-preview:large","max-video-preview":"max-video-preview:-1"},"canonical":"https:\/\/www.chronoflex.be\/nl\/onze-hydraulische-filtratiesnelheden\/","og_locale":"nl_NL","og_type":"article","og_title":"Onze hydraulische filtratiesnelheden - CHRONO Flex Belgique","og_description":"Ontdek onze hydraulischefiltratieoplossingen Zorg voor uw machine, ze zal het u dankbaar zijn! &nbsp; Ontdek onze diagnose- en filtratieaanbiedingen EXPRESS DIAGNOSE\u00a0 vanaf89\u20ac excl. BTWEen analyse uitgevoerd door \u00e9\u00e9n van onze techniekers om binnen de 10 minuten een evaluatie van de kwaliteit van uw olie te maken. Onze aanbod behelst : Veiligheidsanalyse De diagnose van de [&hellip;]","og_url":"https:\/\/www.chronoflex.be\/nl\/onze-hydraulische-filtratiesnelheden\/","og_site_name":"CHRONO Flex Belgique","article_modified_time":"2024-08-07T12:45:02+00:00","twitter_card":"summary_large_image","twitter_misc":{"Geschatte leestijd":"3 minuten"},"schema":{"@context":"https:\/\/schema.org","@graph":[{"@type":"WebPage","@id":"https:\/\/www.chronoflex.be\/nl\/onze-hydraulische-filtratiesnelheden\/","url":"https:\/\/www.chronoflex.be\/nl\/onze-hydraulische-filtratiesnelheden\/","name":"Onze hydraulische filtratiesnelheden - CHRONO Flex Belgique","isPartOf":{"@id":"https:\/\/www.chronoflex.be\/nl\/#website"},"datePublished":"2024-08-07T12:35:45+00:00","dateModified":"2024-08-07T12:45:02+00:00","breadcrumb":{"@id":"https:\/\/www.chronoflex.be\/nl\/onze-hydraulische-filtratiesnelheden\/#breadcrumb"},"inLanguage":"nl-NL","potentialAction":[{"@type":"ReadAction","target":["https:\/\/www.chronoflex.be\/nl\/onze-hydraulische-filtratiesnelheden\/"]}]},{"@type":"BreadcrumbList","@id":"https:\/\/www.chronoflex.be\/nl\/onze-hydraulische-filtratiesnelheden\/#breadcrumb","itemListElement":[{"@type":"ListItem","position":1,"name":"Home","item":"https:\/\/www.chronoflex.be\/nl\/"},{"@type":"ListItem","position":2,"name":"Onze hydraulische filtratiesnelheden"}]},{"@type":"WebSite","@id":"https:\/\/www.chronoflex.be\/nl\/#website","url":"https:\/\/www.chronoflex.be\/nl\/","name":"CHRONO Flex Belgique","description":"R\u00e9paration de flexibles hydrauliques 24h\/7j","publisher":{"@id":"https:\/\/www.chronoflex.be\/nl\/#organization"},"potentialAction":[{"@type":"SearchAction","target":{"@type":"EntryPoint","urlTemplate":"https:\/\/www.chronoflex.be\/nl\/?s={search_term_string}"},"query-input":{"@type":"PropertyValueSpecification","valueRequired":true,"valueName":"search_term_string"}}],"inLanguage":"nl-NL"},{"@type":"Organization","@id":"https:\/\/www.chronoflex.be\/nl\/#organization","name":"CHRONO Flex Belgique","url":"https:\/\/www.chronoflex.be\/nl\/","logo":{"@type":"ImageObject","inLanguage":"nl-NL","@id":"https:\/\/www.chronoflex.be\/nl\/#\/schema\/logo\/image\/","url":"https:\/\/www.chronoflex.be\/wp-content\/uploads\/2022\/07\/logo_cf_vectoriel_RVB.svg","contentUrl":"https:\/\/www.chronoflex.be\/wp-content\/uploads\/2022\/07\/logo_cf_vectoriel_RVB.svg","width":789,"height":462,"caption":"CHRONO Flex Belgique"},"image":{"@id":"https:\/\/www.chronoflex.be\/nl\/#\/schema\/logo\/image\/"}}]}},"_links":{"self":[{"href":"https:\/\/www.chronoflex.be\/nl\/wp-json\/wp\/v2\/pages\/1075","targetHints":{"allow":["GET"]}}],"collection":[{"href":"https:\/\/www.chronoflex.be\/nl\/wp-json\/wp\/v2\/pages"}],"about":[{"href":"https:\/\/www.chronoflex.be\/nl\/wp-json\/wp\/v2\/types\/page"}],"author":[{"embeddable":true,"href":"https:\/\/www.chronoflex.be\/nl\/wp-json\/wp\/v2\/users\/1"}],"replies":[{"embeddable":true,"href":"https:\/\/www.chronoflex.be\/nl\/wp-json\/wp\/v2\/comments?post=1075"}],"version-history":[{"count":6,"href":"https:\/\/www.chronoflex.be\/nl\/wp-json\/wp\/v2\/pages\/1075\/revisions"}],"predecessor-version":[{"id":1086,"href":"https:\/\/www.chronoflex.be\/nl\/wp-json\/wp\/v2\/pages\/1075\/revisions\/1086"}],"wp:attachment":[{"href":"https:\/\/www.chronoflex.be\/nl\/wp-json\/wp\/v2\/media?parent=1075"}],"curies":[{"name":"wp","href":"https:\/\/api.w.org\/{rel}","templated":true}]}}