{"id":588,"date":"2022-07-04T15:27:25","date_gmt":"2022-07-04T13:27:25","guid":{"rendered":"http:\/\/www.chronoflex.be\/depannage-flexibles-hydrauliques\/"},"modified":"2024-02-23T15:33:11","modified_gmt":"2024-02-23T14:33:11","slug":"reparatie-hydraulische-slangen","status":"publish","type":"page","link":"https:\/\/www.chronoflex.be\/nl\/reparatie-hydraulische-slangen\/","title":{"rendered":"Herstelling"},"content":{"rendered":"<p>[et_pb_section fb_built=&#8221;1&#8243; _builder_version=&#8221;4.17.4&#8243; _module_preset=&#8221;default&#8221; background_image=&#8221;http:\/\/www.chronoflex.be\/wp-content\/uploads\/2022\/07\/Zaokraglone-niebieskie-tlo.svg&#8221; background_size=&#8221;custom&#8221; background_image_width=&#8221;30%&#8221; background_position=&#8221;top_right&#8221; global_colors_info=&#8221;{}&#8221;][et_pb_row column_structure=&#8221;1_2,1_2&#8243; _builder_version=&#8221;4.17.4&#8243; _module_preset=&#8221;default&#8221; max_width=&#8221;none&#8221; custom_padding=&#8221;||||false|false&#8221; global_colors_info=&#8221;{}&#8221;][et_pb_column type=&#8221;1_2&#8243; _builder_version=&#8221;4.17.4&#8243; _module_preset=&#8221;default&#8221; custom_padding=&#8221;5%||||false|false&#8221; global_colors_info=&#8221;{}&#8221;][et_pb_text _builder_version=&#8221;4.23.1&#8243; _module_preset=&#8221;default&#8221; text_font_size=&#8221;18px&#8221; header_font=&#8221;Steamtown||||||||&#8221; global_colors_info=&#8221;{}&#8221;]<\/p>\n<h1><span>DEPANNAGE <\/span>VAN HYDRAULISCHE LEIDINGEN TER PLAATSE<\/h1>\n<p>CHRONO Flex voert dringende interventies ter plaatse uit, in heel Belgi\u00eb, zowel tijdens de week als tijdens het weekend en zowel overdag als &#8217;s nachts en ongeacht uw sector. Zo worden stilstanden tot een minimum beperkt.<\/p>\n<p>[\/et_pb_text][\/et_pb_column][et_pb_column type=&#8221;1_2&#8243; _builder_version=&#8221;4.17.4&#8243; _module_preset=&#8221;default&#8221; global_colors_info=&#8221;{}&#8221;][et_pb_image src=&#8221;http:\/\/www.chronoflex.be\/wp-content\/uploads\/2024\/01\/CBox3-Belgique-Detoure-1-1-1-1.png&#8221; alt=&#8221;Camion CHRONO Flex Belgique&#8221; title_text=&#8221;CBox3-Belgique-D\u00e9tour\u00e9 (1) (1) (1)&#8221; align=&#8221;right&#8221; _builder_version=&#8221;4.23.1&#8243; _module_preset=&#8221;default&#8221; global_colors_info=&#8221;{}&#8221;][\/et_pb_image][\/et_pb_column][\/et_pb_row][et_pb_row _builder_version=&#8221;4.17.4&#8243; _module_preset=&#8221;default&#8221; global_colors_info=&#8221;{}&#8221;][et_pb_column type=&#8221;4_4&#8243; _builder_version=&#8221;4.17.4&#8243; _module_preset=&#8221;default&#8221; global_colors_info=&#8221;{}&#8221;][et_pb_text _builder_version=&#8221;4.23.1&#8243; _module_preset=&#8221;default&#8221; header_2_text_color=&#8221;gcid-34b4bdad-756c-4c58-befd-3ae29cadfb4a&#8221; custom_margin=&#8221;||0px||false|false&#8221; custom_padding=&#8221;||0px||false|false&#8221; global_colors_info=&#8221;{%22gcid-34b4bdad-756c-4c58-befd-3ae29cadfb4a%22:%91%22header_2_text_color%22%93}&#8221;]<\/p>\n<h2 style=\"text-align: center;\">Contacteer ons voor een interventie<\/h2>\n<p>[\/et_pb_text][et_pb_image src=&#8221;http:\/\/www.chronoflex.be\/wp-content\/uploads\/2023\/11\/numero-telephone-belgique-luxembourg.svg&#8221; alt=&#8221;Num\u00e9ro de t\u00e9l\u00e9phone CHRONO Flex Belgique&#8221; title_text=&#8221;numero-telephone-belgique-luxembourg&#8221; url=&#8221;tel:080039669&#8243; align=&#8221;center&#8221; _builder_version=&#8221;4.23.1&#8243; _module_preset=&#8221;default&#8221; width=&#8221;250px&#8221; global_colors_info=&#8221;{}&#8221; transform_styles__hover_enabled=&#8221;on|hover&#8221; transform_scale__hover_enabled=&#8221;on|hover&#8221; transform_translate__hover_enabled=&#8221;on|desktop&#8221; transform_rotate__hover_enabled=&#8221;on|desktop&#8221; transform_skew__hover_enabled=&#8221;on|desktop&#8221; transform_origin__hover_enabled=&#8221;on|desktop&#8221; transform_scale__hover=&#8221;104%|104%&#8221;][\/et_pb_image][\/et_pb_column][\/et_pb_row][\/et_pb_section][et_pb_section fb_built=&#8221;1&#8243; _builder_version=&#8221;4.17.4&#8243; _module_preset=&#8221;default&#8221; global_colors_info=&#8221;{}&#8221;][et_pb_row column_structure=&#8221;1_2,1_2&#8243; make_equal=&#8221;on&#8221; _builder_version=&#8221;4.17.4&#8243; _module_preset=&#8221;default&#8221; max_width=&#8221;none&#8221; custom_margin=&#8221;||80px||false|false&#8221; global_colors_info=&#8221;{}&#8221;][et_pb_column type=&#8221;1_2&#8243; _builder_version=&#8221;4.17.4&#8243; _module_preset=&#8221;default&#8221; global_colors_info=&#8221;{}&#8221;][et_pb_image src=&#8221;http:\/\/www.chronoflex.be\/wp-content\/uploads\/2023\/11\/Depannage-remplacement-des-flexibles-hydrauliques.jpg&#8221; alt=&#8221;D\u00e9pannage et r\u00e9paration de flexibles hydrauliques&#8221; title_text=&#8221;Depannage-remplacement-des-flexibles-hydrauliques&#8221; _builder_version=&#8221;4.17.4&#8243; _module_preset=&#8221;default&#8221; global_colors_info=&#8221;{}&#8221;][\/et_pb_image][\/et_pb_column][et_pb_column type=&#8221;1_2&#8243; module_class=&#8221;centrer-verticalement&#8221; _builder_version=&#8221;4.17.4&#8243; _module_preset=&#8221;default&#8221; global_colors_info=&#8221;{}&#8221;][et_pb_text _builder_version=&#8221;4.23.1&#8243; _module_preset=&#8221;default&#8221; global_colors_info=&#8221;{}&#8221;]<\/p>\n<div class=\"elementor-element elementor-element-499bec2e elementor-widget elementor-widget-heading\" data-id=\"499bec2e\" data-element_type=\"widget\" data-widget_type=\"heading.default\">\n<div class=\"elementor-widget-container\">\n<h2>Dringende depannage van hydraulische leidingen<\/h2>\n<p>Onze lokale technici spelen kort op de bal en staan 24 uur per dag en 7 dagen per week klaar in heel Belgi\u00eb om interventies uit te voeren.<\/p>\n<p>Ontdek ons aanbod dringende <br \/>depannagediensten van hydraulische leidingen en onze termijnen voor interventies ter plaatse.<\/p>\n<p>Een uiterst dringende depannage in minder dan een uur nodig?<\/p>\n<p>Onze onmiddellijke bijstand biedt u de zekerheid van een optimale productiviteit in een recordtijd, waarbij de stilstand van uw machines tot een minimum wordt beperkt! De leiding moet overdag in minder dan 4 u worden hersteld of pas na een week? Wij passen onze prijzen aan uw behoeften aan.<\/p>\n<\/div>\n<\/div>\n<p>[\/et_pb_text][et_pb_button button_url=&#8221;@ET-DC@eyJkeW5hbWljIjp0cnVlLCJjb250ZW50IjoicG9zdF9saW5rX3VybF9wYWdlIiwic2V0dGluZ3MiOnsicG9zdF9pZCI6IjEyOSJ9fQ==@&#8221; button_text=&#8221;ONTDEK ONS AANBOD EN ONZE TARIEVEN&#8221; button_alignment=&#8221;left&#8221; _builder_version=&#8221;4.23.1&#8243; _dynamic_attributes=&#8221;button_url&#8221; _module_preset=&#8221;640f4719-f480-4901-bc2a-1c779c97aade&#8221; global_colors_info=&#8221;{}&#8221;][\/et_pb_button][\/et_pb_column][\/et_pb_row][et_pb_row column_structure=&#8221;1_2,1_2&#8243; make_equal=&#8221;on&#8221; _builder_version=&#8221;4.17.4&#8243; _module_preset=&#8221;default&#8221; max_width=&#8221;none&#8221; custom_margin=&#8221;||80px||false|false&#8221; global_colors_info=&#8221;{}&#8221;][et_pb_column type=&#8221;1_2&#8243; module_class=&#8221;centrer-verticalement&#8221; _builder_version=&#8221;4.17.4&#8243; _module_preset=&#8221;default&#8221; global_colors_info=&#8221;{}&#8221;][et_pb_text _builder_version=&#8221;4.23.1&#8243; _module_preset=&#8221;default&#8221; global_colors_info=&#8221;{}&#8221;]<\/p>\n<div class=\"elementor-element elementor-element-499bec2e elementor-widget elementor-widget-heading\" data-id=\"499bec2e\" data-element_type=\"widget\" data-widget_type=\"heading.default\">\n<div class=\"elementor-widget-container\">\n<h2>Mobiele technici die opgeleid zijn in de <br \/>depannage van hydraulische leidingen<\/h2>\n<p>Na een briefing over uw defect en uw locatie wordt een van onze technici onmiddellijk ter plaatse gestuurd. Daar kan onze specialist hydraulische leidingen de herstelling uitvoeren of een nieuw onderdeel of de nieuwe buis installeren.<\/p>\n<p>Onze medewerker begint aan het werk zodra de interventiezone afdoende beveiligd is. Tijdens het volledige proces &#8211; vanaf het moment dat de technicus zicht krijgt op het probleem, over de plaatsing van de nieuwe hydraulische leiding tot op het moment dat het interventieverslag wordt opgesteld &#8211; staat CHRONO Flex garant voor een volledige en kwalitatieve interventie die in alle veiligheid voor onze technici en uw teams wordt uitgevoerd!<\/p>\n<\/div>\n<\/div>\n<p>[\/et_pb_text][\/et_pb_column][et_pb_column type=&#8221;1_2&#8243; _builder_version=&#8221;4.17.4&#8243; _module_preset=&#8221;default&#8221; global_colors_info=&#8221;{}&#8221;][et_pb_image src=&#8221;http:\/\/www.chronoflex.be\/wp-content\/uploads\/2022\/07\/depannage-raccord-hydraulique.jpg&#8221; alt=&#8221;D\u00e9pannage, raccord hydraulique&#8221; title_text=&#8221;depannage-raccord-hydraulique&#8221; _builder_version=&#8221;4.17.4&#8243; _module_preset=&#8221;default&#8221; global_colors_info=&#8221;{}&#8221;][\/et_pb_image][\/et_pb_column][\/et_pb_row][et_pb_row column_structure=&#8221;1_2,1_2&#8243; make_equal=&#8221;on&#8221; _builder_version=&#8221;4.17.4&#8243; _module_preset=&#8221;default&#8221; max_width=&#8221;none&#8221; global_colors_info=&#8221;{}&#8221;][et_pb_column type=&#8221;1_2&#8243; _builder_version=&#8221;4.17.4&#8243; _module_preset=&#8221;default&#8221; global_colors_info=&#8221;{}&#8221;][et_pb_image src=&#8221;http:\/\/www.chronoflex.be\/wp-content\/uploads\/2022\/07\/depannage-remplacement-flexible.jpg&#8221; alt=&#8221;D\u00e9pannage, remplacement de flexible hydraulique&#8221; title_text=&#8221;depannage-remplacement-flexible&#8221; _builder_version=&#8221;4.17.4&#8243; _module_preset=&#8221;default&#8221; global_colors_info=&#8221;{}&#8221;][\/et_pb_image][\/et_pb_column][et_pb_column type=&#8221;1_2&#8243; module_class=&#8221;centrer-verticalement&#8221; _builder_version=&#8221;4.17.4&#8243; _module_preset=&#8221;default&#8221; global_colors_info=&#8221;{}&#8221;][et_pb_text _builder_version=&#8221;4.23.1&#8243; _module_preset=&#8221;default&#8221; global_colors_info=&#8221;{}&#8221;]<\/p>\n<div class=\"elementor-element elementor-element-499bec2e elementor-widget elementor-widget-heading\" data-id=\"499bec2e\" data-element_type=\"widget\" data-widget_type=\"heading.default\">\n<div class=\"elementor-widget-container\">\n<h2>Vervangen van uw flexibele leidingen op alle soorten machines!<\/h2>\n<p>Of u nu actief bent in de bouwsector, landbouw, milieu, transport of industrie, dankzij de know-how en de opleiding van de medewerkers van CHRONO Flex kunnen we in alle sectoren interventies uitvoeren om de gevolgen van een defect te beperken.<\/p>\n<p>Wij leveren ook maatwerk voor hydraulische leidingen voor alle types machines en <br \/>werfmachines &#8211; ongeacht het model en de fabrikant. Dit jaar heeft ons team bijvoorbeeld uiterst snelle interventies uitgevoerd op duizenden verschillende soorten machines: lepelbaggers, laders, tractoren, schepen, boormachines, vorkheftrucks, hoogwerkers &#8230; vaCAT, JCB, Hitachi, Liebherr, Kubota, Manitou en vele andere merken.<\/p>\n<\/div>\n<\/div>\n<p>[\/et_pb_text][\/et_pb_column][\/et_pb_row][\/et_pb_section]<\/p>\n","protected":false},"excerpt":{"rendered":"<p>DEPANNAGE VAN HYDRAULISCHE LEIDINGEN TER PLAATSE CHRONO Flex voert dringende interventies ter plaatse uit, in heel Belgi\u00eb, zowel tijdens de week als tijdens het weekend en zowel overdag als &#8217;s nachts en ongeacht uw sector. Zo worden stilstanden tot een minimum beperkt.Contacteer ons voor een interventie Dringende depannage van hydraulische leidingen Onze lokale technici spelen [&hellip;]<\/p>\n","protected":false},"author":1,"featured_media":0,"parent":0,"menu_order":0,"comment_status":"closed","ping_status":"closed","template":"","meta":{"_et_pb_use_builder":"on","_et_pb_old_content":"","_et_gb_content_width":"","footnotes":""},"class_list":["post-588","page","type-page","status-publish","hentry"],"yoast_head":"<!-- This site is optimized with the Yoast SEO plugin v27.3 - https:\/\/yoast.com\/product\/yoast-seo-wordpress\/ -->\n<title>On-site reparatie van hydraulische slangen 24\/7 - CHRONO Flex<\/title>\n<meta name=\"description\" content=\"CHRONO Flex biedt nooddienst op locatie in Brussel en omgeving, doordeweeks en in het weekend, dag en nacht, wat uw bedrijf ook doet...\" \/>\n<meta name=\"robots\" content=\"index, follow, max-snippet:-1, max-image-preview:large, max-video-preview:-1\" \/>\n<link rel=\"canonical\" href=\"https:\/\/www.chronoflex.be\/nl\/reparatie-hydraulische-slangen\/\" \/>\n<meta property=\"og:locale\" content=\"nl_NL\" \/>\n<meta property=\"og:type\" content=\"article\" \/>\n<meta property=\"og:title\" content=\"On-site reparatie van hydraulische slangen 24\/7 - CHRONO Flex\" \/>\n<meta property=\"og:description\" content=\"CHRONO Flex biedt nooddienst op locatie in Brussel en omgeving, doordeweeks en in het weekend, dag en nacht, wat uw bedrijf ook doet...\" \/>\n<meta property=\"og:url\" content=\"https:\/\/www.chronoflex.be\/nl\/reparatie-hydraulische-slangen\/\" \/>\n<meta property=\"og:site_name\" content=\"CHRONO Flex Belgique\" \/>\n<meta property=\"article:modified_time\" content=\"2024-02-23T14:33:11+00:00\" \/>\n<meta name=\"twitter:card\" content=\"summary_large_image\" \/>\n<meta name=\"twitter:label1\" content=\"Geschatte leestijd\" \/>\n\t<meta name=\"twitter:data1\" content=\"3 minuten\" \/>\n<script type=\"application\/ld+json\" class=\"yoast-schema-graph\">{\"@context\":\"https:\\\/\\\/schema.org\",\"@graph\":[{\"@type\":\"WebPage\",\"@id\":\"https:\\\/\\\/www.chronoflex.be\\\/nl\\\/reparatie-hydraulische-slangen\\\/\",\"url\":\"https:\\\/\\\/www.chronoflex.be\\\/nl\\\/reparatie-hydraulische-slangen\\\/\",\"name\":\"On-site reparatie van hydraulische slangen 24\\\/7 - CHRONO Flex\",\"isPartOf\":{\"@id\":\"https:\\\/\\\/www.chronoflex.be\\\/nl\\\/#website\"},\"datePublished\":\"2022-07-04T13:27:25+00:00\",\"dateModified\":\"2024-02-23T14:33:11+00:00\",\"description\":\"CHRONO Flex biedt nooddienst op locatie in Brussel en omgeving, doordeweeks en in het weekend, dag en nacht, wat uw bedrijf ook doet...\",\"breadcrumb\":{\"@id\":\"https:\\\/\\\/www.chronoflex.be\\\/nl\\\/reparatie-hydraulische-slangen\\\/#breadcrumb\"},\"inLanguage\":\"nl-NL\",\"potentialAction\":[{\"@type\":\"ReadAction\",\"target\":[\"https:\\\/\\\/www.chronoflex.be\\\/nl\\\/reparatie-hydraulische-slangen\\\/\"]}]},{\"@type\":\"BreadcrumbList\",\"@id\":\"https:\\\/\\\/www.chronoflex.be\\\/nl\\\/reparatie-hydraulische-slangen\\\/#breadcrumb\",\"itemListElement\":[{\"@type\":\"ListItem\",\"position\":1,\"name\":\"Home\",\"item\":\"https:\\\/\\\/www.chronoflex.be\\\/nl\\\/\"},{\"@type\":\"ListItem\",\"position\":2,\"name\":\"Herstelling\"}]},{\"@type\":\"WebSite\",\"@id\":\"https:\\\/\\\/www.chronoflex.be\\\/nl\\\/#website\",\"url\":\"https:\\\/\\\/www.chronoflex.be\\\/nl\\\/\",\"name\":\"CHRONO Flex Belgique\",\"description\":\"R\u00e9paration de flexibles hydrauliques 24h\\\/7j\",\"publisher\":{\"@id\":\"https:\\\/\\\/www.chronoflex.be\\\/nl\\\/#organization\"},\"potentialAction\":[{\"@type\":\"SearchAction\",\"target\":{\"@type\":\"EntryPoint\",\"urlTemplate\":\"https:\\\/\\\/www.chronoflex.be\\\/nl\\\/?s={search_term_string}\"},\"query-input\":{\"@type\":\"PropertyValueSpecification\",\"valueRequired\":true,\"valueName\":\"search_term_string\"}}],\"inLanguage\":\"nl-NL\"},{\"@type\":\"Organization\",\"@id\":\"https:\\\/\\\/www.chronoflex.be\\\/nl\\\/#organization\",\"name\":\"CHRONO Flex Belgique\",\"url\":\"https:\\\/\\\/www.chronoflex.be\\\/nl\\\/\",\"logo\":{\"@type\":\"ImageObject\",\"inLanguage\":\"nl-NL\",\"@id\":\"https:\\\/\\\/www.chronoflex.be\\\/nl\\\/#\\\/schema\\\/logo\\\/image\\\/\",\"url\":\"https:\\\/\\\/www.chronoflex.be\\\/wp-content\\\/uploads\\\/2022\\\/07\\\/logo_cf_vectoriel_RVB.svg\",\"contentUrl\":\"https:\\\/\\\/www.chronoflex.be\\\/wp-content\\\/uploads\\\/2022\\\/07\\\/logo_cf_vectoriel_RVB.svg\",\"width\":789,\"height\":462,\"caption\":\"CHRONO Flex Belgique\"},\"image\":{\"@id\":\"https:\\\/\\\/www.chronoflex.be\\\/nl\\\/#\\\/schema\\\/logo\\\/image\\\/\"}}]}<\/script>\n<!-- \/ Yoast SEO plugin. -->","yoast_head_json":{"title":"On-site reparatie van hydraulische slangen 24\/7 - CHRONO Flex","description":"CHRONO Flex biedt nooddienst op locatie in Brussel en omgeving, doordeweeks en in het weekend, dag en nacht, wat uw bedrijf ook doet...","robots":{"index":"index","follow":"follow","max-snippet":"max-snippet:-1","max-image-preview":"max-image-preview:large","max-video-preview":"max-video-preview:-1"},"canonical":"https:\/\/www.chronoflex.be\/nl\/reparatie-hydraulische-slangen\/","og_locale":"nl_NL","og_type":"article","og_title":"On-site reparatie van hydraulische slangen 24\/7 - CHRONO Flex","og_description":"CHRONO Flex biedt nooddienst op locatie in Brussel en omgeving, doordeweeks en in het weekend, dag en nacht, wat uw bedrijf ook doet...","og_url":"https:\/\/www.chronoflex.be\/nl\/reparatie-hydraulische-slangen\/","og_site_name":"CHRONO Flex Belgique","article_modified_time":"2024-02-23T14:33:11+00:00","twitter_card":"summary_large_image","twitter_misc":{"Geschatte leestijd":"3 minuten"},"schema":{"@context":"https:\/\/schema.org","@graph":[{"@type":"WebPage","@id":"https:\/\/www.chronoflex.be\/nl\/reparatie-hydraulische-slangen\/","url":"https:\/\/www.chronoflex.be\/nl\/reparatie-hydraulische-slangen\/","name":"On-site reparatie van hydraulische slangen 24\/7 - CHRONO Flex","isPartOf":{"@id":"https:\/\/www.chronoflex.be\/nl\/#website"},"datePublished":"2022-07-04T13:27:25+00:00","dateModified":"2024-02-23T14:33:11+00:00","description":"CHRONO Flex biedt nooddienst op locatie in Brussel en omgeving, doordeweeks en in het weekend, dag en nacht, wat uw bedrijf ook doet...","breadcrumb":{"@id":"https:\/\/www.chronoflex.be\/nl\/reparatie-hydraulische-slangen\/#breadcrumb"},"inLanguage":"nl-NL","potentialAction":[{"@type":"ReadAction","target":["https:\/\/www.chronoflex.be\/nl\/reparatie-hydraulische-slangen\/"]}]},{"@type":"BreadcrumbList","@id":"https:\/\/www.chronoflex.be\/nl\/reparatie-hydraulische-slangen\/#breadcrumb","itemListElement":[{"@type":"ListItem","position":1,"name":"Home","item":"https:\/\/www.chronoflex.be\/nl\/"},{"@type":"ListItem","position":2,"name":"Herstelling"}]},{"@type":"WebSite","@id":"https:\/\/www.chronoflex.be\/nl\/#website","url":"https:\/\/www.chronoflex.be\/nl\/","name":"CHRONO Flex Belgique","description":"R\u00e9paration de flexibles hydrauliques 24h\/7j","publisher":{"@id":"https:\/\/www.chronoflex.be\/nl\/#organization"},"potentialAction":[{"@type":"SearchAction","target":{"@type":"EntryPoint","urlTemplate":"https:\/\/www.chronoflex.be\/nl\/?s={search_term_string}"},"query-input":{"@type":"PropertyValueSpecification","valueRequired":true,"valueName":"search_term_string"}}],"inLanguage":"nl-NL"},{"@type":"Organization","@id":"https:\/\/www.chronoflex.be\/nl\/#organization","name":"CHRONO Flex Belgique","url":"https:\/\/www.chronoflex.be\/nl\/","logo":{"@type":"ImageObject","inLanguage":"nl-NL","@id":"https:\/\/www.chronoflex.be\/nl\/#\/schema\/logo\/image\/","url":"https:\/\/www.chronoflex.be\/wp-content\/uploads\/2022\/07\/logo_cf_vectoriel_RVB.svg","contentUrl":"https:\/\/www.chronoflex.be\/wp-content\/uploads\/2022\/07\/logo_cf_vectoriel_RVB.svg","width":789,"height":462,"caption":"CHRONO Flex Belgique"},"image":{"@id":"https:\/\/www.chronoflex.be\/nl\/#\/schema\/logo\/image\/"}}]}},"_links":{"self":[{"href":"https:\/\/www.chronoflex.be\/nl\/wp-json\/wp\/v2\/pages\/588","targetHints":{"allow":["GET"]}}],"collection":[{"href":"https:\/\/www.chronoflex.be\/nl\/wp-json\/wp\/v2\/pages"}],"about":[{"href":"https:\/\/www.chronoflex.be\/nl\/wp-json\/wp\/v2\/types\/page"}],"author":[{"embeddable":true,"href":"https:\/\/www.chronoflex.be\/nl\/wp-json\/wp\/v2\/users\/1"}],"replies":[{"embeddable":true,"href":"https:\/\/www.chronoflex.be\/nl\/wp-json\/wp\/v2\/comments?post=588"}],"version-history":[{"count":16,"href":"https:\/\/www.chronoflex.be\/nl\/wp-json\/wp\/v2\/pages\/588\/revisions"}],"predecessor-version":[{"id":847,"href":"https:\/\/www.chronoflex.be\/nl\/wp-json\/wp\/v2\/pages\/588\/revisions\/847"}],"wp:attachment":[{"href":"https:\/\/www.chronoflex.be\/nl\/wp-json\/wp\/v2\/media?parent=588"}],"curies":[{"name":"wp","href":"https:\/\/api.w.org\/{rel}","templated":true}]}}