{"id":649,"date":"2022-07-04T16:34:59","date_gmt":"2022-07-04T14:34:59","guid":{"rendered":"http:\/\/www.chronoflex.be\/contact\/"},"modified":"2024-03-11T13:00:21","modified_gmt":"2024-03-11T12:00:21","slug":"contact","status":"publish","type":"page","link":"https:\/\/www.chronoflex.be\/nl\/contact\/","title":{"rendered":"Contact"},"content":{"rendered":"<p>[et_pb_section fb_built=&#8221;1&#8243; _builder_version=&#8221;4.17.4&#8243; _module_preset=&#8221;default&#8221; background_image=&#8221;https:\/\/www.chronoflex.be\/wp-content\/uploads\/2022\/07\/Zaokraglone-niebieskie-tlo.svg&#8221; background_size=&#8221;custom&#8221; background_image_width=&#8221;30%&#8221; background_position=&#8221;top_right&#8221; global_colors_info=&#8221;{}&#8221;][et_pb_row column_structure=&#8221;1_2,1_2&#8243; _builder_version=&#8221;4.17.4&#8243; _module_preset=&#8221;default&#8221; max_width=&#8221;none&#8221; custom_padding=&#8221;||||false|false&#8221; global_colors_info=&#8221;{}&#8221;][et_pb_column type=&#8221;1_2&#8243; _builder_version=&#8221;4.17.4&#8243; _module_preset=&#8221;default&#8221; custom_padding=&#8221;5%||||false|false&#8221; global_colors_info=&#8221;{}&#8221;][et_pb_text _builder_version=&#8221;4.23.1&#8243; _module_preset=&#8221;default&#8221; text_font_size=&#8221;18px&#8221; header_font=&#8221;Steamtown||||||||&#8221; global_colors_info=&#8221;{}&#8221;]<\/p>\n<h1>NEEM CONTACT MET ONS OP!<\/h1>\n<p>[\/et_pb_text][et_pb_text _builder_version=&#8221;4.23.1&#8243; _module_preset=&#8221;default&#8221; text_font=&#8221;|600|||||||&#8221; text_text_color=&#8221;gcid-e1fd250e-affc-4120-a9cc-003a84bb9993&#8243; text_font_size=&#8221;20px&#8221; global_colors_info=&#8221;{%22gcid-e1fd250e-affc-4120-a9cc-003a84bb9993%22:%91%22text_text_color%22%93}&#8221;]<\/p>\n<p>Om een interventie aan te vragen, kunt u terecht op het nummer <br \/><a href=\"tel:080039669\"><img decoding=\"async\" src=\"http:\/\/www.chronoflex.be\/wp-content\/uploads\/2023\/11\/numero-telephone-belgique-luxembourg.svg\" width=\"200\" alt=\"Num\u00e9ro de t\u00e9l\u00e9phone CHRONO Flex Belgique\" class=\"wp-image-608 alignnone size-full\" \/><\/a><\/p>\n<p>[\/et_pb_text][et_pb_text _builder_version=&#8221;4.23.1&#8243; _module_preset=&#8221;default&#8221; global_colors_info=&#8221;{}&#8221;]<\/p>\n<div class=\"elementor-element elementor-element-17752c2 elementor-widget elementor-widget-text-editor\" data-id=\"17752c2\" data-element_type=\"widget\" data-widget_type=\"text-editor.default\">\n<div class=\"elementor-widget-container\">\n<p><strong>Adres<\/strong><br \/>CHRONO Flex Belgium,<br \/>Brusselsesteenweg 340 3090 Overijse<\/p>\n<p><strong>Telefoon<\/strong><br \/><a href=\"tel:080039669\">0800 39 669<\/a><\/p>\n<p><strong>E-mail<\/strong><br \/><a href=\"mailto:info@chronoflex.be\">info@chronoflex.be<\/a><\/p>\n<p>Hebt u een vraag na een interventie?<br \/>Wilt u meer informatie over een onderdeel?<\/p>\n<p>Aarzel dan niet om contact met ons op te nemen. De klantendienst van CHRONO Flex is er voor u!<\/p>\n<\/div>\n<\/div>\n<p>[\/et_pb_text][\/et_pb_column][et_pb_column type=&#8221;1_2&#8243; _builder_version=&#8221;4.17.4&#8243; _module_preset=&#8221;default&#8221; global_colors_info=&#8221;{}&#8221;][et_pb_image src=&#8221;https:\/\/www.chronoflex.be\/wp-content\/uploads\/2024\/01\/CBox3-Belgique-Detoure-1-1-1-1.png&#8221; alt=&#8221;Camion CHRONO Flex Belgique&#8221; title_text=&#8221;CBox3-Belgique-D\u00e9tour\u00e9 (1) (1) (1)&#8221; align=&#8221;right&#8221; _builder_version=&#8221;4.23.1&#8243; _module_preset=&#8221;default&#8221; global_colors_info=&#8221;{}&#8221;][\/et_pb_image][\/et_pb_column][\/et_pb_row][et_pb_row _builder_version=&#8221;4.17.4&#8243; _module_preset=&#8221;default&#8221; global_colors_info=&#8221;{}&#8221;][et_pb_column type=&#8221;4_4&#8243; _builder_version=&#8221;4.17.4&#8243; _module_preset=&#8221;default&#8221; global_colors_info=&#8221;{}&#8221;][et_pb_text module_class=&#8221;contact-form&#8221; _builder_version=&#8221;4.23.1&#8243; _module_preset=&#8221;default&#8221; global_colors_info=&#8221;{}&#8221;]<\/p>\n<h3 style=\"text-align: center;\">Een vraag?<\/h3>\n\n<div class=\"wpcf7 no-js\" id=\"wpcf7-f662-o1\" lang=\"nl-NL\" dir=\"ltr\" data-wpcf7-id=\"662\">\n<div class=\"screen-reader-response\"><p role=\"status\" aria-live=\"polite\" aria-atomic=\"true\"><\/p> <ul><\/ul><\/div>\n<form action=\"\/nl\/wp-json\/wp\/v2\/pages\/649#wpcf7-f662-o1\" method=\"post\" class=\"wpcf7-form init\" aria-label=\"Contactformulier\" novalidate=\"novalidate\" data-status=\"init\">\n<fieldset class=\"hidden-fields-container\"><input type=\"hidden\" name=\"_wpcf7\" value=\"662\" \/><input type=\"hidden\" name=\"_wpcf7_version\" value=\"6.1.5\" \/><input type=\"hidden\" name=\"_wpcf7_locale\" value=\"nl_NL\" \/><input type=\"hidden\" name=\"_wpcf7_unit_tag\" value=\"wpcf7-f662-o1\" \/><input type=\"hidden\" name=\"_wpcf7_container_post\" value=\"0\" \/><input type=\"hidden\" name=\"_wpcf7_posted_data_hash\" value=\"\" \/><input type=\"hidden\" name=\"_wpcf7_recaptcha_response\" value=\"\" \/>\n<\/fieldset>\n<p><span class=\"wpcf7-form-control-wrap\" data-name=\"name-user\"><input size=\"40\" maxlength=\"400\" class=\"wpcf7-form-control wpcf7-text wpcf7-validates-as-required\" aria-required=\"true\" aria-invalid=\"false\" placeholder=\"Naam\" value=\"\" type=\"text\" name=\"name-user\" \/><\/span>\n<\/p>\n<p><span class=\"wpcf7-form-control-wrap\" data-name=\"surname\"><input size=\"40\" maxlength=\"400\" class=\"wpcf7-form-control wpcf7-text wpcf7-validates-as-required\" aria-required=\"true\" aria-invalid=\"false\" placeholder=\"Voornaam\" value=\"\" type=\"text\" name=\"surname\" \/><\/span>\n<\/p>\n<p><span class=\"wpcf7-form-control-wrap\" data-name=\"email\"><input size=\"40\" maxlength=\"400\" class=\"wpcf7-form-control wpcf7-email wpcf7-validates-as-required wpcf7-text wpcf7-validates-as-email\" aria-required=\"true\" aria-invalid=\"false\" placeholder=\"E-mailadres\" value=\"\" type=\"email\" name=\"email\" \/><\/span>\n<\/p>\n<p><span class=\"wpcf7-form-control-wrap\" data-name=\"phone\"><input size=\"40\" maxlength=\"400\" class=\"wpcf7-form-control wpcf7-tel wpcf7-validates-as-required wpcf7-text wpcf7-validates-as-tel\" aria-required=\"true\" aria-invalid=\"false\" placeholder=\"Telefoonnummer\" value=\"\" type=\"tel\" name=\"phone\" \/><\/span>\n<\/p>\n<p><span class=\"wpcf7-form-control-wrap\" data-name=\"Message\"><textarea cols=\"40\" rows=\"10\" maxlength=\"2000\" class=\"wpcf7-form-control wpcf7-textarea wpcf7-validates-as-required\" aria-required=\"true\" aria-invalid=\"false\" placeholder=\"Bericht\" name=\"Message\"><\/textarea><\/span>\n<\/p>\n<p><input class=\"wpcf7-form-control wpcf7-submit has-spinner\" type=\"submit\" value=\"Verzenden\" \/>\n<\/p><div class=\"wpcf7-response-output\" aria-hidden=\"true\"><\/div>\n<\/form>\n<\/div>\n\n<p>[\/et_pb_text][\/et_pb_column][\/et_pb_row][\/et_pb_section]<\/p>\n","protected":false},"excerpt":{"rendered":"<p>NEEM CONTACT MET ONS OP!Om een interventie aan te vragen, kunt u terecht op het nummer AdresCHRONO Flex Belgium,Brusselsesteenweg 340 3090 Overijse Telefoon0800 39 669 E-mailinfo@chronoflex.be Hebt u een vraag na een interventie?Wilt u meer informatie over een onderdeel? Aarzel dan niet om contact met ons op te nemen. De klantendienst van CHRONO Flex is [&hellip;]<\/p>\n","protected":false},"author":1,"featured_media":0,"parent":0,"menu_order":0,"comment_status":"closed","ping_status":"closed","template":"","meta":{"_et_pb_use_builder":"on","_et_pb_old_content":"","_et_gb_content_width":"","footnotes":""},"class_list":["post-649","page","type-page","status-publish","hentry"],"yoast_head":"<!-- This site is optimized with the Yoast SEO plugin v27.3 - https:\/\/yoast.com\/product\/yoast-seo-wordpress\/ -->\n<title>Contact - CHRONO Flex Belgique<\/title>\n<meta name=\"description\" content=\"Neem contact op met CHRONO Flex, specialist in onderhoud en reparatie van uw hydrauliekslangen 24\/7.\" \/>\n<meta name=\"robots\" content=\"index, follow, max-snippet:-1, max-image-preview:large, max-video-preview:-1\" \/>\n<link rel=\"canonical\" href=\"https:\/\/www.chronoflex.be\/nl\/contact\/\" \/>\n<meta property=\"og:locale\" content=\"nl_NL\" \/>\n<meta property=\"og:type\" content=\"article\" \/>\n<meta property=\"og:title\" content=\"Contact - CHRONO Flex Belgique\" \/>\n<meta property=\"og:description\" content=\"Neem contact op met CHRONO Flex, specialist in onderhoud en reparatie van uw hydrauliekslangen 24\/7.\" \/>\n<meta property=\"og:url\" content=\"https:\/\/www.chronoflex.be\/nl\/contact\/\" \/>\n<meta property=\"og:site_name\" content=\"CHRONO Flex Belgique\" \/>\n<meta property=\"article:modified_time\" content=\"2024-03-11T12:00:21+00:00\" \/>\n<meta name=\"twitter:card\" content=\"summary_large_image\" \/>\n<meta name=\"twitter:label1\" content=\"Geschatte leestijd\" \/>\n\t<meta name=\"twitter:data1\" content=\"1 minuut\" \/>\n<script type=\"application\/ld+json\" class=\"yoast-schema-graph\">{\"@context\":\"https:\\\/\\\/schema.org\",\"@graph\":[{\"@type\":\"WebPage\",\"@id\":\"https:\\\/\\\/www.chronoflex.be\\\/nl\\\/contact\\\/\",\"url\":\"https:\\\/\\\/www.chronoflex.be\\\/nl\\\/contact\\\/\",\"name\":\"Contact - CHRONO Flex Belgique\",\"isPartOf\":{\"@id\":\"https:\\\/\\\/www.chronoflex.be\\\/nl\\\/#website\"},\"primaryImageOfPage\":{\"@id\":\"https:\\\/\\\/www.chronoflex.be\\\/nl\\\/contact\\\/#primaryimage\"},\"image\":{\"@id\":\"https:\\\/\\\/www.chronoflex.be\\\/nl\\\/contact\\\/#primaryimage\"},\"thumbnailUrl\":\"http:\\\/\\\/www.chronoflex.be\\\/wp-content\\\/uploads\\\/2023\\\/11\\\/numero-telephone-belgique-luxembourg.svg\",\"datePublished\":\"2022-07-04T14:34:59+00:00\",\"dateModified\":\"2024-03-11T12:00:21+00:00\",\"description\":\"Neem contact op met CHRONO Flex, specialist in onderhoud en reparatie van uw hydrauliekslangen 24\\\/7.\",\"breadcrumb\":{\"@id\":\"https:\\\/\\\/www.chronoflex.be\\\/nl\\\/contact\\\/#breadcrumb\"},\"inLanguage\":\"nl-NL\",\"potentialAction\":[{\"@type\":\"ReadAction\",\"target\":[\"https:\\\/\\\/www.chronoflex.be\\\/nl\\\/contact\\\/\"]}]},{\"@type\":\"ImageObject\",\"inLanguage\":\"nl-NL\",\"@id\":\"https:\\\/\\\/www.chronoflex.be\\\/nl\\\/contact\\\/#primaryimage\",\"url\":\"http:\\\/\\\/www.chronoflex.be\\\/wp-content\\\/uploads\\\/2023\\\/11\\\/numero-telephone-belgique-luxembourg.svg\",\"contentUrl\":\"http:\\\/\\\/www.chronoflex.be\\\/wp-content\\\/uploads\\\/2023\\\/11\\\/numero-telephone-belgique-luxembourg.svg\"},{\"@type\":\"BreadcrumbList\",\"@id\":\"https:\\\/\\\/www.chronoflex.be\\\/nl\\\/contact\\\/#breadcrumb\",\"itemListElement\":[{\"@type\":\"ListItem\",\"position\":1,\"name\":\"Home\",\"item\":\"https:\\\/\\\/www.chronoflex.be\\\/nl\\\/\"},{\"@type\":\"ListItem\",\"position\":2,\"name\":\"Contact\"}]},{\"@type\":\"WebSite\",\"@id\":\"https:\\\/\\\/www.chronoflex.be\\\/nl\\\/#website\",\"url\":\"https:\\\/\\\/www.chronoflex.be\\\/nl\\\/\",\"name\":\"CHRONO Flex Belgique\",\"description\":\"R\u00e9paration de flexibles hydrauliques 24h\\\/7j\",\"publisher\":{\"@id\":\"https:\\\/\\\/www.chronoflex.be\\\/nl\\\/#organization\"},\"potentialAction\":[{\"@type\":\"SearchAction\",\"target\":{\"@type\":\"EntryPoint\",\"urlTemplate\":\"https:\\\/\\\/www.chronoflex.be\\\/nl\\\/?s={search_term_string}\"},\"query-input\":{\"@type\":\"PropertyValueSpecification\",\"valueRequired\":true,\"valueName\":\"search_term_string\"}}],\"inLanguage\":\"nl-NL\"},{\"@type\":\"Organization\",\"@id\":\"https:\\\/\\\/www.chronoflex.be\\\/nl\\\/#organization\",\"name\":\"CHRONO Flex Belgique\",\"url\":\"https:\\\/\\\/www.chronoflex.be\\\/nl\\\/\",\"logo\":{\"@type\":\"ImageObject\",\"inLanguage\":\"nl-NL\",\"@id\":\"https:\\\/\\\/www.chronoflex.be\\\/nl\\\/#\\\/schema\\\/logo\\\/image\\\/\",\"url\":\"https:\\\/\\\/www.chronoflex.be\\\/wp-content\\\/uploads\\\/2022\\\/07\\\/logo_cf_vectoriel_RVB.svg\",\"contentUrl\":\"https:\\\/\\\/www.chronoflex.be\\\/wp-content\\\/uploads\\\/2022\\\/07\\\/logo_cf_vectoriel_RVB.svg\",\"width\":789,\"height\":462,\"caption\":\"CHRONO Flex Belgique\"},\"image\":{\"@id\":\"https:\\\/\\\/www.chronoflex.be\\\/nl\\\/#\\\/schema\\\/logo\\\/image\\\/\"}}]}<\/script>\n<!-- \/ Yoast SEO plugin. -->","yoast_head_json":{"title":"Contact - CHRONO Flex Belgique","description":"Neem contact op met CHRONO Flex, specialist in onderhoud en reparatie van uw hydrauliekslangen 24\/7.","robots":{"index":"index","follow":"follow","max-snippet":"max-snippet:-1","max-image-preview":"max-image-preview:large","max-video-preview":"max-video-preview:-1"},"canonical":"https:\/\/www.chronoflex.be\/nl\/contact\/","og_locale":"nl_NL","og_type":"article","og_title":"Contact - CHRONO Flex Belgique","og_description":"Neem contact op met CHRONO Flex, specialist in onderhoud en reparatie van uw hydrauliekslangen 24\/7.","og_url":"https:\/\/www.chronoflex.be\/nl\/contact\/","og_site_name":"CHRONO Flex Belgique","article_modified_time":"2024-03-11T12:00:21+00:00","twitter_card":"summary_large_image","twitter_misc":{"Geschatte leestijd":"1 minuut"},"schema":{"@context":"https:\/\/schema.org","@graph":[{"@type":"WebPage","@id":"https:\/\/www.chronoflex.be\/nl\/contact\/","url":"https:\/\/www.chronoflex.be\/nl\/contact\/","name":"Contact - CHRONO Flex Belgique","isPartOf":{"@id":"https:\/\/www.chronoflex.be\/nl\/#website"},"primaryImageOfPage":{"@id":"https:\/\/www.chronoflex.be\/nl\/contact\/#primaryimage"},"image":{"@id":"https:\/\/www.chronoflex.be\/nl\/contact\/#primaryimage"},"thumbnailUrl":"http:\/\/www.chronoflex.be\/wp-content\/uploads\/2023\/11\/numero-telephone-belgique-luxembourg.svg","datePublished":"2022-07-04T14:34:59+00:00","dateModified":"2024-03-11T12:00:21+00:00","description":"Neem contact op met CHRONO Flex, specialist in onderhoud en reparatie van uw hydrauliekslangen 24\/7.","breadcrumb":{"@id":"https:\/\/www.chronoflex.be\/nl\/contact\/#breadcrumb"},"inLanguage":"nl-NL","potentialAction":[{"@type":"ReadAction","target":["https:\/\/www.chronoflex.be\/nl\/contact\/"]}]},{"@type":"ImageObject","inLanguage":"nl-NL","@id":"https:\/\/www.chronoflex.be\/nl\/contact\/#primaryimage","url":"http:\/\/www.chronoflex.be\/wp-content\/uploads\/2023\/11\/numero-telephone-belgique-luxembourg.svg","contentUrl":"http:\/\/www.chronoflex.be\/wp-content\/uploads\/2023\/11\/numero-telephone-belgique-luxembourg.svg"},{"@type":"BreadcrumbList","@id":"https:\/\/www.chronoflex.be\/nl\/contact\/#breadcrumb","itemListElement":[{"@type":"ListItem","position":1,"name":"Home","item":"https:\/\/www.chronoflex.be\/nl\/"},{"@type":"ListItem","position":2,"name":"Contact"}]},{"@type":"WebSite","@id":"https:\/\/www.chronoflex.be\/nl\/#website","url":"https:\/\/www.chronoflex.be\/nl\/","name":"CHRONO Flex Belgique","description":"R\u00e9paration de flexibles hydrauliques 24h\/7j","publisher":{"@id":"https:\/\/www.chronoflex.be\/nl\/#organization"},"potentialAction":[{"@type":"SearchAction","target":{"@type":"EntryPoint","urlTemplate":"https:\/\/www.chronoflex.be\/nl\/?s={search_term_string}"},"query-input":{"@type":"PropertyValueSpecification","valueRequired":true,"valueName":"search_term_string"}}],"inLanguage":"nl-NL"},{"@type":"Organization","@id":"https:\/\/www.chronoflex.be\/nl\/#organization","name":"CHRONO Flex Belgique","url":"https:\/\/www.chronoflex.be\/nl\/","logo":{"@type":"ImageObject","inLanguage":"nl-NL","@id":"https:\/\/www.chronoflex.be\/nl\/#\/schema\/logo\/image\/","url":"https:\/\/www.chronoflex.be\/wp-content\/uploads\/2022\/07\/logo_cf_vectoriel_RVB.svg","contentUrl":"https:\/\/www.chronoflex.be\/wp-content\/uploads\/2022\/07\/logo_cf_vectoriel_RVB.svg","width":789,"height":462,"caption":"CHRONO Flex Belgique"},"image":{"@id":"https:\/\/www.chronoflex.be\/nl\/#\/schema\/logo\/image\/"}}]}},"_links":{"self":[{"href":"https:\/\/www.chronoflex.be\/nl\/wp-json\/wp\/v2\/pages\/649","targetHints":{"allow":["GET"]}}],"collection":[{"href":"https:\/\/www.chronoflex.be\/nl\/wp-json\/wp\/v2\/pages"}],"about":[{"href":"https:\/\/www.chronoflex.be\/nl\/wp-json\/wp\/v2\/types\/page"}],"author":[{"embeddable":true,"href":"https:\/\/www.chronoflex.be\/nl\/wp-json\/wp\/v2\/users\/1"}],"replies":[{"embeddable":true,"href":"https:\/\/www.chronoflex.be\/nl\/wp-json\/wp\/v2\/comments?post=649"}],"version-history":[{"count":8,"href":"https:\/\/www.chronoflex.be\/nl\/wp-json\/wp\/v2\/pages\/649\/revisions"}],"predecessor-version":[{"id":898,"href":"https:\/\/www.chronoflex.be\/nl\/wp-json\/wp\/v2\/pages\/649\/revisions\/898"}],"wp:attachment":[{"href":"https:\/\/www.chronoflex.be\/nl\/wp-json\/wp\/v2\/media?parent=649"}],"curies":[{"name":"wp","href":"https:\/\/api.w.org\/{rel}","templated":true}]}}