{"id":879,"date":"2022-07-01T10:59:02","date_gmt":"2022-07-01T08:59:02","guid":{"rendered":"https:\/\/www.chronoflex.be\/mentions-legales\/"},"modified":"2024-02-28T15:18:31","modified_gmt":"2024-02-28T14:18:31","slug":"disclaimer","status":"publish","type":"page","link":"https:\/\/www.chronoflex.be\/nl\/disclaimer\/","title":{"rendered":"Disclaimer"},"content":{"rendered":"<p>[et_pb_section fb_built=&#8221;1&#8243; _builder_version=&#8221;4.16&#8243; global_colors_info=&#8221;{}&#8221;][et_pb_row _builder_version=&#8221;4.16&#8243; background_size=&#8221;initial&#8221; background_position=&#8221;top_left&#8221; background_repeat=&#8221;repeat&#8221; global_colors_info=&#8221;{}&#8221;][et_pb_column type=&#8221;4_4&#8243; _builder_version=&#8221;4.16&#8243; custom_padding=&#8221;|||&#8221; global_colors_info=&#8221;{}&#8221; custom_padding__hover=&#8221;|||&#8221;][et_pb_text _builder_version=&#8221;4.23.1&#8243; header_font=&#8221;Steamtown||||||||&#8221; background_size=&#8221;initial&#8221; background_position=&#8221;top_left&#8221; background_repeat=&#8221;repeat&#8221; global_colors_info=&#8221;{}&#8221;]<\/p>\n<h1>Disclaimer<\/h1>\n<h2><\/h2>\n<h2>Uitgever<\/h2>\n<p>CHRONO Flex is een SASU naar Frans recht met een kapitaal van \u20ac 1.649.000, ingeschreven in het handels- en ondernemingsregister van Nantes, Frankrijk onder nummer RCS B 401 282 553, met maatschappelijke zetel op het adres 13 rue Olympe de Gouges &#8211; 44800 SAINT-HERBLAIN<\/p>\n<p>Btw-nummer: FR71401282553<\/p>\n<p>Verantwoordelijke uitgever:\u00a0<\/p>\n<h2>Ontwikkelaar<\/h2>\n<p>Website ontwikkeld door Fruizz.<\/p>\n<h2>Hosting<\/h2>\n<p>Webhosting door OVH in Roubaix.<\/p>\n<h2>Contact<\/h2>\n<p>Voor informatie over de werking of het gebruik van deze site kunt u contact opnemen met het team van Fruizz op contact@fruizz.com<\/p>\n<h2>Eigendomsrecht op de website<\/h2>\n<p>De website chronoflex.be is een origineel werk dat als dusdanig beschermd wordt door het Franse Wetboek van Intellectuele Eigendom waarbij CHRONO Flex de houder is van alle intellectuele eigendomsrechten. CHRONO Flex is een SASU met een kapitaal van \u20ac 1.649.000, ingeschreven in het handels- en ondernemingsregister van Nantes, Frankrijk onder nummer RCS B 401 282 553, met maatschappelijke zetel op het adres 13 rue Olympe de Gouges, 44800 SAINT-HERBLAIN.<\/p>\n<h2>Inhoud van de website<\/h2>\n<p>Inhoud van de website betekent alle teksten, afbeeldingen (al dan niet met animaties), geluiden en muziek die op de Website verschijnen. Elke gehele of gedeeltelijke weergave van deze Website en de Inhoud ervan, door welk middel dan ook, zonder voorafgaande schriftelijke toestemming van CHRONO Flex SASU, is verboden en vormt een inbreuk die aanleiding kan geven tot civielrechtelijke en\/of strafrechtelijke sancties op basis van het Franse Wetboek van Intellectuele Eigendom.\u00a0<\/p>\n<p>Voor wat betreft de Website en de inhoud van de Website geniet CHRONO Flex SASU ook van de bescherming die de artikelen L.341-1 en volgende van het Franse Wetboek van Intellectuele Eigendom verlenen aan producenten van databanken. Binnen de strikte grenzen van de uitzonderingen voorzien in artikelen L.342-2 en L.342-3 van het Franse Wetboek van Intellectuele Eigendom, is de volledige of gedeeltelijke extractie en\/of hergebruik voor het publiek, in welke vorm en op welk medium dan ook, van welke inhoud dan ook van de Website, van een of meer onderscheidende tekens, verboden en misbruik kan aanleiding geven tot civiele en\/of strafrechtelijke vervolging.<\/p>\n<p>Onder onderscheidende tekens verstaat chronoflex.be alle handelsmerken, bedrijfsnamen, handelsnamen, domeinnamen of url&#8217;s, logo&#8217;s en\/of andere onderscheidingstekens die op de Website chronoflex.be worden gebruikt. chronoflex.be verleent u geen enkele licentie of recht op de onderscheidende tekens die de exclusieve eigendom zijn van chronoflex.be of van derden die chronoflex.be het recht hebben verleend om ze te gebruiken.<\/p>\n<p>Licentie om de Inhoud van de Website chronoflex.be te gebruiken. Door verbinding te maken met de website chronoflex.be erkent de gebruiker van CHRONO Flex SASU een gebruikslicentie te aanvaarden voor de Inhoud van de Website die strikt beperkt is tot de volgende dwingende voorwaarden:<\/p>\n<p>Deze niet-exclusieve licentie is niet overdraagbaar.<\/p>\n<p>Het gebruiksrecht dat aan de gebruiker wordt verleend is persoonlijk en priv\u00e9: met andere woorden, elke reproductie van de Inhoud van de Website op welke drager dan ook voor collectief of professioneel gebruik, zelfs intern binnen het bedrijf, is verboden. Hetzelfde geldt voor alle elektronische mededeling van deze inhoud, inclusief verspreiding op een intranet of extranet van het bedrijf.<br \/>De licentie die hierbij wordt verleend aan de internetgebruiker die verbinding maakt met de Website staat hem\/haar alleen toe de inhoud van de Website die hij\/zij kiest te reproduceren voor weergave op zijn\/haar computerscherm, eventueel voor het afdrukken op papier en enkel voor persoonlijk gebruik.<\/p>\n<h2>Toegang tot de website<\/h2>\n<p>CHRONO Flex SASU streeft ernaar de Website 24 uur per dag, 7 dagen per week beschikbaar te hebben. De werking van de Website kan echter worden onderbroken als gevolg van onderhoudswerkzaamheden, hardware- of software-upgrades of omstandigheden waarover CHRONO Flex SASU geen controle heeft (zoals storingen in telecommunicatieverbindingen en -apparatuur).<\/p>\n<h2>Externe links<\/h2>\n<p>De Website kan eenvoudige links naar sites van derden bevatten. Deze links worden enkel aangeboden als dienst. Aangezien CHRONO Flex SASU de inhoud van deze sites van derden niet kan controleren, is elke toegang tot deze sites op eigen risico en onder uw eigen verantwoordelijkheid. CHRONO Flex SASU aanvaardt geen verantwoordelijkheid voor de inhoud of beschikbaarheid van websites van derden. U erkent dat CHRONO Flex SASU geen verantwoordelijkheid aanvaardt voor enig verlies of schade die u zou kunnen lijden als gevolg van het gebruik van deze websites van derden.<\/p>\n<p>Als u een eenvoudige hyperlink naar de Website op uw website wilt plaatsen, neem dan contact met ons op via contact@fruizz.com of per post.<\/p>\n<p>Vertel ons over de context, de gewenste reproductieperiode, de aard van de website en de geplande weergave. Vergeet niet uw naam, de naam van uw vereniging of bedrijf, de URL van uw website en uw contactgegevens, waaronder uw e-mailadres, te vermelden.<\/p>\n<p>[\/et_pb_text][\/et_pb_column][\/et_pb_row][\/et_pb_section]<\/p>\n","protected":false},"excerpt":{"rendered":"<p>Disclaimer Uitgever CHRONO Flex is een SASU naar Frans recht met een kapitaal van \u20ac 1.649.000, ingeschreven in het handels- en ondernemingsregister van Nantes, Frankrijk onder nummer RCS B 401 282 553, met maatschappelijke zetel op het adres 13 rue Olympe de Gouges &#8211; 44800 SAINT-HERBLAIN Btw-nummer: FR71401282553 Verantwoordelijke uitgever:\u00a0 Ontwikkelaar Website ontwikkeld door Fruizz. [&hellip;]<\/p>\n","protected":false},"author":1,"featured_media":0,"parent":0,"menu_order":0,"comment_status":"closed","ping_status":"open","template":"","meta":{"_et_pb_use_builder":"on","_et_pb_old_content":"<!-- wp:heading --><h2>Qui sommes-nous\u00a0?<\/h2><!-- \/wp:heading --><!-- wp:paragraph --><p><strong class=\"privacy-policy-tutorial\">Texte sugg\u00e9r\u00e9\u00a0: <\/strong>L\u2019adresse de notre site est\u00a0: http:\/\/demo.fruizz.com\/www.chronoflex.pl.<\/p><!-- \/wp:paragraph --><!-- wp:heading --><h2>Commentaires<\/h2><!-- \/wp:heading --><!-- wp:paragraph --><p><strong class=\"privacy-policy-tutorial\">Texte sugg\u00e9r\u00e9\u00a0: <\/strong>Quand vous laissez un commentaire sur notre site, les donn\u00e9es inscrites dans le formulaire de commentaire, ainsi que votre adresse IP et l\u2019agent utilisateur de votre navigateur sont collect\u00e9s pour nous aider \u00e0 la d\u00e9tection des commentaires ind\u00e9sirables.<\/p><!-- \/wp:paragraph --><!-- wp:paragraph --><p>Une cha\u00eene anonymis\u00e9e cr\u00e9\u00e9e \u00e0 partir de votre adresse e-mail (\u00e9galement appel\u00e9e hash) peut \u00eatre envoy\u00e9e au service Gravatar pour v\u00e9rifier si vous utilisez ce dernier. Les clauses de confidentialit\u00e9 du service Gravatar sont disponibles ici\u00a0: https:\/\/automattic.com\/privacy\/. Apr\u00e8s validation de votre commentaire, votre photo de profil sera visible publiquement \u00e0 cot\u00e9 de votre commentaire.<\/p><!-- \/wp:paragraph --><!-- wp:heading --><h2>M\u00e9dias<\/h2><!-- \/wp:heading --><!-- wp:paragraph --><p><strong class=\"privacy-policy-tutorial\">Texte sugg\u00e9r\u00e9\u00a0: <\/strong>Si vous t\u00e9l\u00e9versez des images sur le site, nous vous conseillons d\u2019\u00e9viter de t\u00e9l\u00e9verser des images contenant des donn\u00e9es EXIF de coordonn\u00e9es GPS. Les personnes visitant votre site peuvent t\u00e9l\u00e9charger et extraire des donn\u00e9es de localisation depuis ces images.<\/p><!-- \/wp:paragraph --><!-- wp:heading --><h2>Cookies<\/h2><!-- \/wp:heading --><!-- wp:paragraph --><p><strong class=\"privacy-policy-tutorial\">Texte sugg\u00e9r\u00e9\u00a0: <\/strong>Si vous d\u00e9posez un commentaire sur notre site, il vous sera propos\u00e9 d\u2019enregistrer votre nom, adresse e-mail et site dans des cookies. C\u2019est uniquement pour votre confort afin de ne pas avoir \u00e0 saisir ces informations si vous d\u00e9posez un autre commentaire plus tard. Ces cookies expirent au bout d\u2019un an.<\/p><!-- \/wp:paragraph --><!-- wp:paragraph --><p>Si vous vous rendez sur la page de connexion, un cookie temporaire sera cr\u00e9\u00e9 afin de d\u00e9terminer si votre navigateur accepte les cookies. Il ne contient pas de donn\u00e9es personnelles et sera supprim\u00e9 automatiquement \u00e0 la fermeture de votre navigateur.<\/p><!-- \/wp:paragraph --><!-- wp:paragraph --><p>Lorsque vous vous connecterez, nous mettrons en place un certain nombre de cookies pour enregistrer vos informations de connexion et vos pr\u00e9f\u00e9rences d\u2019\u00e9cran. La dur\u00e9e de vie d\u2019un cookie de connexion est de deux jours, celle d\u2019un cookie d\u2019option d\u2019\u00e9cran est d\u2019un an. Si vous cochez \u00ab\u00a0Se souvenir de moi\u00a0\u00bb, votre cookie de connexion sera conserv\u00e9 pendant deux semaines. Si vous vous d\u00e9connectez de votre compte, le cookie de connexion sera effac\u00e9.<\/p><!-- \/wp:paragraph --><!-- wp:paragraph --><p>En modifiant ou en publiant une publication, un cookie suppl\u00e9mentaire sera enregistr\u00e9 dans votre navigateur. Ce cookie ne comprend aucune donn\u00e9e personnelle. Il indique simplement l\u2019ID de la publication que vous venez de modifier. Il expire au bout d\u2019un jour.<\/p><!-- \/wp:paragraph --><!-- wp:heading --><h2>Contenu embarqu\u00e9 depuis d\u2019autres sites<\/h2><!-- \/wp:heading --><!-- wp:paragraph --><p><strong class=\"privacy-policy-tutorial\">Texte sugg\u00e9r\u00e9\u00a0: <\/strong>Les articles de ce site peuvent inclure des contenus int\u00e9gr\u00e9s (par exemple des vid\u00e9os, images, articles\u2026). Le contenu int\u00e9gr\u00e9 depuis d\u2019autres sites se comporte de la m\u00eame mani\u00e8re que si le visiteur se rendait sur cet autre site.<\/p><!-- \/wp:paragraph --><!-- wp:paragraph --><p>Ces sites web pourraient collecter des donn\u00e9es sur vous, utiliser des cookies, embarquer des outils de suivis tiers, suivre vos interactions avec ces contenus embarqu\u00e9s si vous disposez d\u2019un compte connect\u00e9 sur leur site web.<\/p><!-- \/wp:paragraph --><!-- wp:heading --><h2>Utilisation et transmission de vos donn\u00e9es personnelles<\/h2><!-- \/wp:heading --><!-- wp:paragraph --><p><strong class=\"privacy-policy-tutorial\">Texte sugg\u00e9r\u00e9\u00a0: <\/strong>Si vous demandez une r\u00e9initialisation de votre mot de passe, votre adresse IP sera incluse dans l\u2019e-mail de r\u00e9initialisation.<\/p><!-- \/wp:paragraph --><!-- wp:heading --><h2>Dur\u00e9es de stockage de vos donn\u00e9es<\/h2><!-- \/wp:heading --><!-- wp:paragraph --><p><strong class=\"privacy-policy-tutorial\">Texte sugg\u00e9r\u00e9\u00a0: <\/strong>Si vous laissez un commentaire, le commentaire et ses m\u00e9tadonn\u00e9es sont conserv\u00e9s ind\u00e9finiment. Cela permet de reconna\u00eetre et approuver automatiquement les commentaires suivants au lieu de les laisser dans la file de mod\u00e9ration.<\/p><!-- \/wp:paragraph --><!-- wp:paragraph --><p>Pour les comptes qui s\u2019inscrivent sur notre site (le cas \u00e9ch\u00e9ant), nous stockons \u00e9galement les donn\u00e9es personnelles indiqu\u00e9es dans leur profil. Tous les comptes peuvent voir, modifier ou supprimer leurs informations personnelles \u00e0 tout moment (\u00e0 l\u2019exception de leur identifiant). Les gestionnaires du site peuvent aussi voir et modifier ces informations.<\/p><!-- \/wp:paragraph --><!-- wp:heading --><h2>Les droits que vous avez sur vos donn\u00e9es<\/h2><!-- \/wp:heading --><!-- wp:paragraph --><p><strong class=\"privacy-policy-tutorial\">Texte sugg\u00e9r\u00e9\u00a0: <\/strong>Si vous avez un compte ou si vous avez laiss\u00e9 des commentaires sur le site, vous pouvez demander \u00e0 recevoir un fichier contenant toutes les donn\u00e9es personnelles que nous poss\u00e9dons \u00e0 votre sujet, incluant celles que vous nous avez fournies. Vous pouvez \u00e9galement demander la suppression des donn\u00e9es personnelles vous concernant. Cela ne prend pas en compte les donn\u00e9es stock\u00e9es \u00e0 des fins administratives, l\u00e9gales ou pour des raisons de s\u00e9curit\u00e9.<\/p><!-- \/wp:paragraph --><!-- wp:heading --><h2>O\u00f9 vos donn\u00e9es sont envoy\u00e9es<\/h2><!-- \/wp:heading --><!-- wp:paragraph --><p><strong class=\"privacy-policy-tutorial\">Texte sugg\u00e9r\u00e9\u00a0: <\/strong>Les commentaires des visiteurs peuvent \u00eatre v\u00e9rifi\u00e9s \u00e0 l\u2019aide d\u2019un service automatis\u00e9 de d\u00e9tection des commentaires ind\u00e9sirables.<\/p><!-- \/wp:paragraph -->","_et_gb_content_width":"","footnotes":""},"class_list":["post-879","page","type-page","status-publish","hentry"],"yoast_head":"<!-- This site is optimized with the Yoast SEO plugin v27.5 - https:\/\/yoast.com\/product\/yoast-seo-wordpress\/ -->\n<title>Disclaimer - CHRONO Flex Belgique<\/title>\n<meta name=\"robots\" content=\"index, follow, max-snippet:-1, max-image-preview:large, max-video-preview:-1\" \/>\n<link rel=\"canonical\" href=\"https:\/\/www.chronoflex.be\/nl\/disclaimer\/\" \/>\n<meta property=\"og:locale\" content=\"nl_NL\" \/>\n<meta property=\"og:type\" content=\"article\" \/>\n<meta property=\"og:title\" content=\"Disclaimer - CHRONO Flex Belgique\" \/>\n<meta property=\"og:description\" content=\"Disclaimer Uitgever CHRONO Flex is een SASU naar Frans recht met een kapitaal van \u20ac 1.649.000, ingeschreven in het handels- en ondernemingsregister van Nantes, Frankrijk onder nummer RCS B 401 282 553, met maatschappelijke zetel op het adres 13 rue Olympe de Gouges - 44800 SAINT-HERBLAIN Btw-nummer: FR71401282553 Verantwoordelijke uitgever:\u00a0 Ontwikkelaar Website ontwikkeld door Fruizz. [&hellip;]\" \/>\n<meta property=\"og:url\" content=\"https:\/\/www.chronoflex.be\/nl\/disclaimer\/\" \/>\n<meta property=\"og:site_name\" content=\"CHRONO Flex Belgique\" \/>\n<meta property=\"article:modified_time\" content=\"2024-02-28T14:18:31+00:00\" \/>\n<meta name=\"twitter:card\" content=\"summary_large_image\" \/>\n<meta name=\"twitter:label1\" content=\"Geschatte leestijd\" \/>\n\t<meta name=\"twitter:data1\" content=\"5 minuten\" \/>\n<script type=\"application\/ld+json\" class=\"yoast-schema-graph\">{\"@context\":\"https:\\\/\\\/schema.org\",\"@graph\":[{\"@type\":\"WebPage\",\"@id\":\"https:\\\/\\\/www.chronoflex.be\\\/nl\\\/disclaimer\\\/\",\"url\":\"https:\\\/\\\/www.chronoflex.be\\\/nl\\\/disclaimer\\\/\",\"name\":\"Disclaimer - CHRONO Flex Belgique\",\"isPartOf\":{\"@id\":\"https:\\\/\\\/www.chronoflex.be\\\/nl\\\/#website\"},\"datePublished\":\"2022-07-01T08:59:02+00:00\",\"dateModified\":\"2024-02-28T14:18:31+00:00\",\"breadcrumb\":{\"@id\":\"https:\\\/\\\/www.chronoflex.be\\\/nl\\\/disclaimer\\\/#breadcrumb\"},\"inLanguage\":\"nl-NL\",\"potentialAction\":[{\"@type\":\"ReadAction\",\"target\":[\"https:\\\/\\\/www.chronoflex.be\\\/nl\\\/disclaimer\\\/\"]}]},{\"@type\":\"BreadcrumbList\",\"@id\":\"https:\\\/\\\/www.chronoflex.be\\\/nl\\\/disclaimer\\\/#breadcrumb\",\"itemListElement\":[{\"@type\":\"ListItem\",\"position\":1,\"name\":\"Home\",\"item\":\"https:\\\/\\\/www.chronoflex.be\\\/nl\\\/\"},{\"@type\":\"ListItem\",\"position\":2,\"name\":\"Disclaimer\"}]},{\"@type\":\"WebSite\",\"@id\":\"https:\\\/\\\/www.chronoflex.be\\\/nl\\\/#website\",\"url\":\"https:\\\/\\\/www.chronoflex.be\\\/nl\\\/\",\"name\":\"CHRONO Flex Belgique\",\"description\":\"R\u00e9paration de flexibles hydrauliques 24h\\\/7j\",\"publisher\":{\"@id\":\"https:\\\/\\\/www.chronoflex.be\\\/nl\\\/#organization\"},\"potentialAction\":[{\"@type\":\"SearchAction\",\"target\":{\"@type\":\"EntryPoint\",\"urlTemplate\":\"https:\\\/\\\/www.chronoflex.be\\\/nl\\\/?s={search_term_string}\"},\"query-input\":{\"@type\":\"PropertyValueSpecification\",\"valueRequired\":true,\"valueName\":\"search_term_string\"}}],\"inLanguage\":\"nl-NL\"},{\"@type\":\"Organization\",\"@id\":\"https:\\\/\\\/www.chronoflex.be\\\/nl\\\/#organization\",\"name\":\"CHRONO Flex Belgique\",\"url\":\"https:\\\/\\\/www.chronoflex.be\\\/nl\\\/\",\"logo\":{\"@type\":\"ImageObject\",\"inLanguage\":\"nl-NL\",\"@id\":\"https:\\\/\\\/www.chronoflex.be\\\/nl\\\/#\\\/schema\\\/logo\\\/image\\\/\",\"url\":\"https:\\\/\\\/www.chronoflex.be\\\/wp-content\\\/uploads\\\/2022\\\/07\\\/logo_cf_vectoriel_RVB.svg\",\"contentUrl\":\"https:\\\/\\\/www.chronoflex.be\\\/wp-content\\\/uploads\\\/2022\\\/07\\\/logo_cf_vectoriel_RVB.svg\",\"width\":789,\"height\":462,\"caption\":\"CHRONO Flex Belgique\"},\"image\":{\"@id\":\"https:\\\/\\\/www.chronoflex.be\\\/nl\\\/#\\\/schema\\\/logo\\\/image\\\/\"}}]}<\/script>\n<!-- \/ Yoast SEO plugin. -->","yoast_head_json":{"title":"Disclaimer - CHRONO Flex Belgique","robots":{"index":"index","follow":"follow","max-snippet":"max-snippet:-1","max-image-preview":"max-image-preview:large","max-video-preview":"max-video-preview:-1"},"canonical":"https:\/\/www.chronoflex.be\/nl\/disclaimer\/","og_locale":"nl_NL","og_type":"article","og_title":"Disclaimer - CHRONO Flex Belgique","og_description":"Disclaimer Uitgever CHRONO Flex is een SASU naar Frans recht met een kapitaal van \u20ac 1.649.000, ingeschreven in het handels- en ondernemingsregister van Nantes, Frankrijk onder nummer RCS B 401 282 553, met maatschappelijke zetel op het adres 13 rue Olympe de Gouges - 44800 SAINT-HERBLAIN Btw-nummer: FR71401282553 Verantwoordelijke uitgever:\u00a0 Ontwikkelaar Website ontwikkeld door Fruizz. [&hellip;]","og_url":"https:\/\/www.chronoflex.be\/nl\/disclaimer\/","og_site_name":"CHRONO Flex Belgique","article_modified_time":"2024-02-28T14:18:31+00:00","twitter_card":"summary_large_image","twitter_misc":{"Geschatte leestijd":"5 minuten"},"schema":{"@context":"https:\/\/schema.org","@graph":[{"@type":"WebPage","@id":"https:\/\/www.chronoflex.be\/nl\/disclaimer\/","url":"https:\/\/www.chronoflex.be\/nl\/disclaimer\/","name":"Disclaimer - CHRONO Flex Belgique","isPartOf":{"@id":"https:\/\/www.chronoflex.be\/nl\/#website"},"datePublished":"2022-07-01T08:59:02+00:00","dateModified":"2024-02-28T14:18:31+00:00","breadcrumb":{"@id":"https:\/\/www.chronoflex.be\/nl\/disclaimer\/#breadcrumb"},"inLanguage":"nl-NL","potentialAction":[{"@type":"ReadAction","target":["https:\/\/www.chronoflex.be\/nl\/disclaimer\/"]}]},{"@type":"BreadcrumbList","@id":"https:\/\/www.chronoflex.be\/nl\/disclaimer\/#breadcrumb","itemListElement":[{"@type":"ListItem","position":1,"name":"Home","item":"https:\/\/www.chronoflex.be\/nl\/"},{"@type":"ListItem","position":2,"name":"Disclaimer"}]},{"@type":"WebSite","@id":"https:\/\/www.chronoflex.be\/nl\/#website","url":"https:\/\/www.chronoflex.be\/nl\/","name":"CHRONO Flex Belgique","description":"R\u00e9paration de flexibles hydrauliques 24h\/7j","publisher":{"@id":"https:\/\/www.chronoflex.be\/nl\/#organization"},"potentialAction":[{"@type":"SearchAction","target":{"@type":"EntryPoint","urlTemplate":"https:\/\/www.chronoflex.be\/nl\/?s={search_term_string}"},"query-input":{"@type":"PropertyValueSpecification","valueRequired":true,"valueName":"search_term_string"}}],"inLanguage":"nl-NL"},{"@type":"Organization","@id":"https:\/\/www.chronoflex.be\/nl\/#organization","name":"CHRONO Flex Belgique","url":"https:\/\/www.chronoflex.be\/nl\/","logo":{"@type":"ImageObject","inLanguage":"nl-NL","@id":"https:\/\/www.chronoflex.be\/nl\/#\/schema\/logo\/image\/","url":"https:\/\/www.chronoflex.be\/wp-content\/uploads\/2022\/07\/logo_cf_vectoriel_RVB.svg","contentUrl":"https:\/\/www.chronoflex.be\/wp-content\/uploads\/2022\/07\/logo_cf_vectoriel_RVB.svg","width":789,"height":462,"caption":"CHRONO Flex Belgique"},"image":{"@id":"https:\/\/www.chronoflex.be\/nl\/#\/schema\/logo\/image\/"}}]}},"_links":{"self":[{"href":"https:\/\/www.chronoflex.be\/nl\/wp-json\/wp\/v2\/pages\/879","targetHints":{"allow":["GET"]}}],"collection":[{"href":"https:\/\/www.chronoflex.be\/nl\/wp-json\/wp\/v2\/pages"}],"about":[{"href":"https:\/\/www.chronoflex.be\/nl\/wp-json\/wp\/v2\/types\/page"}],"author":[{"embeddable":true,"href":"https:\/\/www.chronoflex.be\/nl\/wp-json\/wp\/v2\/users\/1"}],"replies":[{"embeddable":true,"href":"https:\/\/www.chronoflex.be\/nl\/wp-json\/wp\/v2\/comments?post=879"}],"version-history":[{"count":3,"href":"https:\/\/www.chronoflex.be\/nl\/wp-json\/wp\/v2\/pages\/879\/revisions"}],"predecessor-version":[{"id":883,"href":"https:\/\/www.chronoflex.be\/nl\/wp-json\/wp\/v2\/pages\/879\/revisions\/883"}],"wp:attachment":[{"href":"https:\/\/www.chronoflex.be\/nl\/wp-json\/wp\/v2\/media?parent=879"}],"curies":[{"name":"wp","href":"https:\/\/api.w.org\/{rel}","templated":true}]}}